{"id":92,"date":"2020-11-17T14:19:58","date_gmt":"2020-11-17T13:19:58","guid":{"rendered":"http:\/\/labrodeusedemots.com\/?page_id=92"},"modified":"2020-11-19T18:30:34","modified_gmt":"2020-11-19T17:30:34","slug":"prestations","status":"publish","type":"page","link":"https:\/\/labrodeusedemots.com\/index.php\/prestations\/","title":{"rendered":"Prestations"},"content":{"rendered":"<p style=\"text-align: justify;\"><strong>POURQUOI S&#8217;AUTO\u00c9DITER ?<\/strong><\/p>\n<p style=\"text-align: justify;\">Vous auto\u00e9diter vous permet de garder l&#8217;exclusivit\u00e9 de vos droits d&#8217;auteur \u00e0 100 %. Vous \u00eates propri\u00e9taire de vos livres : la totalit\u00e9 du prix de vente vous revient. Vous \u00eates libre de diffuser votre livre \u00e0 votre convenance, vous gardez la main sur tout : le contenu de votre ouvrage, le fond, et sa pr\u00e9sentation physique, la forme.<\/p>\n<p style=\"text-align: justify;\">Lire notre article sur <a href=\"http:\/\/www.editionsdupuitsderoulle.com\/epr%20editions.html\" target=\"_blank\" rel=\"noopener noreferrer\">la distinction \u00e9dition, \u00e9dition \u00e0 compte d&#8217;auteur et auto-\u00e9dition<\/a>.<\/p>\n<p>&nbsp;<\/p>\n<p style=\"text-align: justify;\"><strong>NOTRE TALENT, SERVIR LE V\u00d4TRE !<\/strong><\/p>\n<p style=\"text-align: justify;\">Que vous soyez un particulier, une association, une entreprise, nous mettons tout en \u0153uvre pour r\u00e9aliser votre livre ou votre th\u00e8se avec le plus grand soin, dans les meilleurs d\u00e9lais. En faisant appel \u00e0 nos services, vous b\u00e9n\u00e9ficiez d&#8217;une aide qui vous garantit un ouvrage de qualit\u00e9 professionnelle, vous serez fier du r\u00e9sultat et vos d\u00e9marches aupr\u00e8s des professionnels du livre en seront facilit\u00e9es (impression de qualit\u00e9, corrections, cr\u00e9ation de couverture personnalis\u00e9e en fonction du contenu de votre livre, etc.)<\/p>\n<p>&nbsp;<\/p>\n<p style=\"text-align: justify;\"><strong>NOUS VOUS PROPOSONS UNE PRESTATION GLOBALE<\/strong><\/p>\n<p style=\"text-align: justify;\">Vous nous faites parvenir votre manuscrit par e-mail et nous nous chargeons de sa mise en page, des corrections typographiques, de cr\u00e9er ou d&#8217;incorporer votre couverture, de g\u00e9n\u00e9rer les pdf, de l&#8217;impression de votre livre au nombre d&#8217;exemplaires que vous souhaitez, de l&#8217;obtention de l&#8217;ISBN. Nous nous occupons des d\u00e9p\u00f4ts l\u00e9gaux\u00a0imprimeur et \u00e9diteur.<\/p>\n<p style=\"text-align: justify;\">Si votre ouvrage fait partie de nos COUPS DE C\u0152UR, la sortie de votre livre b\u00e9n\u00e9ficiera d&#8217;un article sur le blog de l&#8217;auteur Anna Galore, qui cumule\u00a0plusieurs milliers de\u00a0 visiteurs uniques par mois.<\/p>\n<p>&nbsp;<\/p>\n<p style=\"text-align: justify;\"><strong>COMBIEN \u00c7A CO\u00dbTE ?<\/strong><\/p>\n<p style=\"text-align: justify;\">Notre politique \u00e9tant toujours d&#8217;aller dans le sens du service aux auteurs, nous ne proposons pas de forfait. En effet, chaque livre \u00e9tant comme vous, unique, nous faisons des devis adapt\u00e9s \u00e0 votre projet. Nous proposons des prestations sur mesure, de qualit\u00e9. Si vous recherchez un prix &#8220;discount&#8221;, nous vous recommandons de vous adresser \u00e0 des imprimeurs de livres \u00e0 la demande aupr\u00e8s desquels vous trouverez certainement l&#8217;offre recherch\u00e9e.<\/p>\n<p style=\"text-align: justify;\">Le co\u00fbt total de la publication d&#8217;un ouvrage d\u00e9pend de multiples param\u00e8tres. D&#8217;une part, du travail qu&#8217;il y a \u00e0 r\u00e9aliser dessus (r\u00e9alisation de la maquette, relecture, corrections, v\u00e9rifications, cr\u00e9ation de couverture, etc.) en pr\u00e9presse et d&#8217;autre part, de l&#8217;impression (format du livre, qualit\u00e9 du papier, qualit\u00e9 de la colle, qualit\u00e9 de l&#8217;impression, BAT papier ou non, quantit\u00e9 d&#8217;exemplaires imprim\u00e9s, lieu de livraison, etc.)<\/p>\n<p><a href=\"http:\/\/labrodeusedemots.com\/index.php\/demander-un-devis\/\">Obtenir un devis personnalis\u00e9\u00a0<\/a><\/p>\n<p style=\"text-align: center;\"><strong>Pour toute commande en auto\u00e9dition, nous vous offrons des marques pages. Une fa\u00e7on originale de promouvoir votre ouvrage !<\/strong><\/p>\n<p style=\"text-align: center;\"><span style=\"color: #008000;\"><strong><span style=\"text-decoration: underline;\">Nouveau :<\/span> Nous nous engageons \u00e0 <a style=\"color: #008000;\" href=\"https:\/\/tree-nation.com\/\">planter un arbre<\/a> pour chaque nouveau titre publi\u00e9 par nos soins.<\/strong><\/span><\/p>\n<p style=\"text-align: center;\"><span style=\"text-decoration: underline;\"><strong><a href=\"https:\/\/tree-nation.com\/profile\/la-brodeuse-de-mots-les-editions-du-puits-de-roulle?fbclid=IwAR0ID6N3-ZjuStvs09HAiDIrh5xSZzupbOeAUDBqhXdRihxhp7J-V-pYgzE\">Voir notre for\u00eat<\/a><\/strong><\/span><\/p>\n<p>&nbsp;<\/p>\n<p style=\"text-align: center;\"><strong><big>TABLEAU R\u00c9CAPITULATIF<\/big><\/strong><\/p>\n<table border=\"1\" cellspacing=\"2\" cellpadding=\"2\">\n<tbody>\n<tr>\n<td><\/td>\n<td>\u00c9DITEUR<\/td>\n<td>\u00c9DITEUR \u00c0<br \/>\nCOMPTE D&#8217;AUTEUR<\/td>\n<td>AUTO-\u00c9DITION<\/td>\n<td>AUTO-\u00c9DITION AVEC LES<br \/>\n\u00c9DITIONS DU PUITS DE ROULLE<\/td>\n<td><\/td>\n<\/tr>\n<tr>\n<td>MISE EN PAGE<\/td>\n<td>OUI<\/td>\n<td>OUI<\/td>\n<td>CHARGE AUTEUR<\/td>\n<td>OUI<\/td>\n<\/tr>\n<tr>\n<td>CORRECTIONS TYPOGRAPHIQUES<\/td>\n<td>OUI<\/td>\n<td>OUI<br \/>\n(nombreuses erreurs constat\u00e9es)<\/td>\n<td>CHARGE AUTEUR<\/td>\n<td>OUI<\/td>\n<\/tr>\n<tr>\n<td>CORRECTIONS R\u00c9\u00c9CRITURE<\/td>\n<td>OUI<\/td>\n<td>NON<\/td>\n<td>CHARGE AUTEUR<\/td>\n<td>CHARGE AUTEUR \/ POSSIBILIT\u00c9 \u00c9DITEUR<\/td>\n<\/tr>\n<tr>\n<td>CORRECTIONS LANGUE<\/td>\n<td>OUI<\/td>\n<td>NON<\/td>\n<td>CHARGE AUTEUR<\/td>\n<td>CHARGE AUTEUR \/ POSSIBILIT\u00c9 \u00c9DITEUR<\/td>\n<\/tr>\n<tr>\n<td>\n<div>R\u00c9ALISATION DES FICHIERS<\/div>\n<p>POUR IMPRESSION<\/td>\n<td>OUI<\/td>\n<td>OUI<\/td>\n<td>CHARGE AUTEUR<\/td>\n<td>OUI<\/td>\n<\/tr>\n<tr>\n<td>OBTENTION D&#8217;UN ISBN<\/td>\n<td>OUI<\/td>\n<td>OUI<\/td>\n<td>CHARGE AUTEUR<\/td>\n<td>OUI<\/td>\n<\/tr>\n<tr>\n<td>D\u00c9P\u00d4TS LEGAUX<\/td>\n<td>OUI<\/td>\n<td>OUI<\/td>\n<td>CHARGE AUTEUR<\/td>\n<td>OUI<\/td>\n<\/tr>\n<tr>\n<td>IMPRESSION<\/td>\n<td>OUI<\/td>\n<td>OUI<\/td>\n<td>CHARGE AUTEUR<\/td>\n<td>OUI<\/td>\n<\/tr>\n<tr>\n<td>LIVRAISON<\/td>\n<td><\/td>\n<td><\/td>\n<td>CHARGE AUTEUR<\/td>\n<td>OUI<\/td>\n<\/tr>\n<tr>\n<td>DIFFUSION<\/td>\n<td>OUI<\/td>\n<td>Annonc\u00e9e charge \u00e9diteur<br \/>\nmais tr\u00e8s faible.<\/p>\n<div>Attention, certains contrats interdisent \u00e0 l&#8217;auteur de diffuser lui-m\u00eame son livre<br \/>\npendant la dur\u00e9e<br \/>\ndu contrat !<\/div>\n<\/td>\n<td>CHARGE AUTEUR<\/td>\n<td>CHARGE AUTEUR \/<br \/>\nCONSEILS \u00c9DITEUR<\/td>\n<\/tr>\n<tr>\n<td>DISTRIBUTION<\/td>\n<td>OUI<\/td>\n<td>OUI<\/td>\n<td>CHARGE AUTEUR<\/td>\n<td>CHARGE AUTEUR \/ POSSIBILIT\u00c9 \u00c9DITEUR<\/td>\n<\/tr>\n<tr>\n<td>CO\u00dbT POUR L&#8217;AUTEUR<\/td>\n<td>0 \u20ac<\/td>\n<td>2 000 \u20ac \u00e0 8 000 \u20ac<br \/>\n&#8211; Co\u00fbts observ\u00e9s &#8211;<\/td>\n<td>CO\u00dbT IMPRESSION<\/td>\n<td>CO\u00dbT IMPRESSION + PRESTATION &lt; 2 000 \u20ac<br \/>\n&#8211; Co\u00fbts observ\u00e9s &#8211;<\/td>\n<\/tr>\n<tr>\n<td>R\u00c9MUNERATION AUTEUR<\/td>\n<td>10 %<br \/>\ndroits d&#8217;auteur<\/td>\n<td>10 %<br \/>\ndroits d&#8217;auteur<\/td>\n<td>TOTALIT\u00c9 DU PRODUIT DE SES VENTES<\/td>\n<td>TOTALIT\u00c9 DU PRODUIT DE SES VENTES<\/td>\n<\/tr>\n<tr>\n<td>DROITS<\/td>\n<td>l&#8217;auteur c\u00e8de \u00a0ses<br \/>\ndroits \u00e0 l&#8217;\u00e9diteur<\/td>\n<td>l&#8217;auteur c\u00e8de \u00a0ses<br \/>\ndroits \u00e0 l&#8217;\u00e9diteur<\/td>\n<td>L&#8217;AUTEUR CONSERVE L&#8217;INTEGRALIT\u00c9 DE SES DROITS<\/td>\n<td>L&#8217;AUTEUR CONSERVE L&#8217;INTEGRALIT\u00c9 DE SES DROITS<\/td>\n<\/tr>\n<tr>\n<td>D\u00c9LAI D&#8217;OBTENTION DU LIVRE<\/td>\n<td>3 \u00e0 12 mois<br \/>\net plus<\/td>\n<td>3 \u00e0 12 mois<\/td>\n<td>SELON CAPACIT\u00c9S DE L&#8217;AUTEUR<\/td>\n<td>QUELQUES SEMAINES \u00c0 3 MOIS MAXIMUM, SELON REACTIVITE DE L&#8217;AUTEUR<\/td>\n<\/tr>\n<\/tbody>\n<\/table>\n<p>Lire l&#8217;article sur\u00a0<a href=\"http:\/\/www.editionsdupuitsderoulle.com\/epr%20editions.html\" target=\"_blank\" rel=\"noopener noreferrer\">la distinction \u00e9dition, \u00e9dition \u00e0 compte d&#8217;auteur et auto-\u00e9dition<\/a>.<\/p>\n<h2><\/h2>\n<p><strong>PRESTATIONS SUPPL\u00c9MENTAIRES<\/strong><\/p>\n<p style=\"text-align: justify;\"><em>La Brodeuse de Mots<\/em>, aide \u00e0 l&#8217;auto\u00e9dition, vous propose une gamme de prestations compl\u00e9mentaires :<\/p>\n<ul>\n<li style=\"text-align: justify;\">Les corrections \u00a0orthographe et grammaire \u00a0au tarif de 2,5\u00a0 \u20ac H.T. la page de 1500 signes.<\/li>\n<li style=\"text-align: justify;\">Avis de l&#8217;\u00e9diteur avec propositions de r\u00e9\u00e9criture, reformulations de certains passages, recherche des sol\u00e9cismes, barbarismes, invraisemblances, contresens (sur devis).<\/li>\n<li style=\"text-align: justify;\">L&#8217;exp\u00e9dition \u00e0 une liste de personnes de votre choix avec ou sans emballage cadeau, accompagn\u00e9 ou non d&#8217;un message personnel sur papier couleur de votre choix (\u00e9criture soign\u00e9e manuscrite ou informatique). (Tarif selon nombre d&#8217;exemplaires).<\/li>\n<li style=\"text-align: justify;\">Nous vous aidons \u00e0 composer vos souvenirs. Vous souhaitez \u00e9crire votre biographie ? Nous vous aidons \u00e0 \u00e9crire le r\u00e9cit de votre vie (devis sur demande).<\/li>\n<\/ul>\n<h3><\/h3>\n<p><strong>AUTRES<\/strong><\/p>\n<ul>\n<li>Marque pages, manchettes, cartes de visite, affiches en amalgame de votre couverture : pour mieux vous faire conna\u00eetre, pour vos s\u00e9ances de d\u00e9dicaces, nous vous proposons des marque pages, des manchettes, des cartes de visites, des flyers, ainsi que des affiches A4 et A3 ;<\/li>\n<li>Impression de marque pages en amalgame de votre couverture (Livre &lt; A5) ;<\/li>\n<li>Impression de carte de visite en amalgame de votre couverture (Livre &lt; A5) ;<\/li>\n<li>Impression de manchettes (Livre &lt; A5) ;<\/li>\n<li>Affiches A4 de la premi\u00e8re de couverture de votre livre papier couch\u00e9 brillant 135 gr ;<\/li>\n<li>Affiches A3 de la premi\u00e8re de couverture de votre livre papier couch\u00e9 brillant 135 gr.<\/li>\n<\/ul>\n<p style=\"text-align: center;\"><strong>Pour toute commande en auto\u00e9dition, nous vous offrons des marques pages. Une fa\u00e7on originale de promouvoir votre ouvrage !<\/strong><\/p>\n<p style=\"text-align: center;\"><span style=\"color: #008000;\"><strong><span style=\"text-decoration: underline;\">Nouveau :<\/span> Nous nous engageons \u00e0 <a style=\"color: #008000;\" href=\"https:\/\/tree-nation.com\/\">planter un arbre<\/a> pour chaque nouveau titre publi\u00e9 par nos soins.<\/strong><\/span><\/p>\n","protected":false},"excerpt":{"rendered":"<p>POURQUOI S&#8217;AUTO\u00c9DITER ? Vous auto\u00e9diter vous permet de garder l&#8217;exclusivit\u00e9 de vos droits d&#8217;auteur \u00e0 100 %. Vous \u00eates propri\u00e9taire de vos livres : la totalit\u00e9 du prix de vente vous revient. Vous \u00eates libre de diffuser votre livre \u00e0 votre convenance, vous gardez la main sur tout : le contenu de votre ouvrage, le &hellip; <\/p>\n","protected":false},"author":1,"featured_media":0,"parent":0,"menu_order":0,"comment_status":"closed","ping_status":"closed","template":"","meta":[],"_links":{"self":[{"href":"https:\/\/labrodeusedemots.com\/index.php\/wp-json\/wp\/v2\/pages\/92"}],"collection":[{"href":"https:\/\/labrodeusedemots.com\/index.php\/wp-json\/wp\/v2\/pages"}],"about":[{"href":"https:\/\/labrodeusedemots.com\/index.php\/wp-json\/wp\/v2\/types\/page"}],"author":[{"embeddable":true,"href":"https:\/\/labrodeusedemots.com\/index.php\/wp-json\/wp\/v2\/users\/1"}],"replies":[{"embeddable":true,"href":"https:\/\/labrodeusedemots.com\/index.php\/wp-json\/wp\/v2\/comments?post=92"}],"version-history":[{"count":11,"href":"https:\/\/labrodeusedemots.com\/index.php\/wp-json\/wp\/v2\/pages\/92\/revisions"}],"predecessor-version":[{"id":223,"href":"https:\/\/labrodeusedemots.com\/index.php\/wp-json\/wp\/v2\/pages\/92\/revisions\/223"}],"wp:attachment":[{"href":"https:\/\/labrodeusedemots.com\/index.php\/wp-json\/wp\/v2\/media?parent=92"}],"curies":[{"name":"wp","href":"https:\/\/api.w.org\/{rel}","templated":true}]}}