{"id":89,"date":"2020-11-17T14:19:58","date_gmt":"2020-11-17T13:19:58","guid":{"rendered":"http:\/\/labrodeusedemots.com\/?page_id=89"},"modified":"2020-11-18T18:02:31","modified_gmt":"2020-11-18T17:02:31","slug":"autoedition","status":"publish","type":"page","link":"https:\/\/labrodeusedemots.com\/index.php\/autoedition\/","title":{"rendered":"Auto\u00e9dition"},"content":{"rendered":"<p style=\"text-align: justify;\">L&#8217;auto\u00e9dition consiste pour un auteur \u00e0 prendre lui-m\u00eame en charge l&#8217;\u00e9dition de ses ouvrages, sans passer par l&#8217;interm\u00e9diaire d&#8217;une maison d&#8217;\u00e9dition et surtout pas par un compte d&#8217;auteur.<\/p>\n<p style=\"text-align: justify;\">Elle se distingue pr\u00e9cis\u00e9ment de l&#8217;\u00e9dition \u00e0 compte d&#8217;\u00e9diteur ou \u00e0 compte d&#8217;auteur. Dans le premier cas, l&#8217;\u00e9diteur se charge \u00e0 ses frais de r\u00e9aliser et diffuser l&#8217;ouvrage en r\u00e9mun\u00e9rant l&#8217;auteur selon les ventes. Dans le second, l&#8217;\u00e9diteur s&#8217;en charge ou pr\u00e9tend le faire (il y a d\u00e9faut de distribution) aux frais de l&#8217;auteur.<\/p>\n<p style=\"text-align: justify;\">Dans le cas de l&#8217;auto\u00e9dition, l&#8217;auteur se charge de toutes les \u00e9tapes de la publication du livre :<\/p>\n<p>&#8211; la saisie et la mise en page.<\/p>\n<p>&#8211; les corrections : orthographe, grammaire, style, r\u00e8gles typographiques.<\/p>\n<p>&#8211; l&#8217;impression : elle peut \u00eatre \u00e9ventuellement r\u00e9alis\u00e9e avec une imprimante personnelle pour un petit projet ; la reliure est toutefois un point d\u00e9licat, car le r\u00e9sultat n&#8217;est pas toujours satisfaisant (reliure type spirale). Toutefois, l&#8217;impression est le plus souvent confi\u00e9e \u00e0 un professionnel.<\/p>\n<p>&#8211; la r\u00e9alisation de sa couverture en y int\u00e9grant un ISBN, un code-barre et en indiquant le prix de l&#8217;ouvrage.<\/p>\n<p>&#8211; la conversion du manuscrit et la couverture en fichiers au format Portable Document Format si on veut avoir recours \u00e0 un imprimeur.<\/p>\n<p>&#8211; les formalit\u00e9s administratives et juridiques (ISBN, d\u00e9p\u00f4ts l\u00e9gaux).<\/p>\n<p>&#8211; la publicit\u00e9.<\/p>\n<p>&#8211; la diffusion de son livre : c&#8217;est la phase sans doute la plus d\u00e9licate de l&#8217;auto\u00e9dition, mais pas plus que celle d&#8217;une \u00e9dition \u00e0 compte d&#8217;\u00e9diteur !<\/p>\n<p style=\"text-align: justify;\">L&#8217;auto\u00e9dition permet de rentabiliser son investissement, contrairement \u00e0 un compte d&#8217;auteur qui co\u00fbte entre 2000 et 4000 \u20ac, et qui, m\u00eame en esp\u00e9rant vendre des centaines d&#8217;ouvrages, ne permet pas de r\u00e9cup\u00e9rer son budget de d\u00e9part avec 10 % de droits d&#8217;auteur sur le prix de vente HT du livre.<\/p>\n<p><u>Exemple :<\/u><\/p>\n<p style=\"text-align: justify;\">Si votre livre est vendu 15 \u20ac et que vous touchez 1,42 \u20ac par vente (10 % en droits d&#8217;auteur sr le prix de vente HT), il vous faudra vendre 2113 livres pour simplement r\u00e9cup\u00e9rer les 3 000 \u20ac que vous aurez pay\u00e9. Vendre plus de 2000 exemplaires d&#8217;un livre est une chose qui ne se fait pas facilement, m\u00eame pour un\u00a0 \u00e9diteur ! Tandis que quand vous vous auto\u00e9ditez, vous touchez l&#8217;int\u00e9gralit\u00e9 (100 %) du prix de vente de votre livre et rentrerez probablement dans vos frais puisqu&#8217;il faudra en vendre dix fois moins pour y parvenir.<\/p>\n<p style=\"text-align: justify;\">Les seuls inconv\u00e9nients de l&#8217;auto\u00e9dition restent le temps que cela demande et les comp\u00e9tences requises pour aller au bout de votre projet. C&#8217;est pour cela que j&#8217;ai cr\u00e9\u00e9 les services de <em>La Brodeuse de Mots<\/em>, pour aider les personnes, les accompagner dans la r\u00e9alisation de leur beau projet. Pourquoi ? Parce que j&#8217;ai d\u00e9j\u00e0 aid\u00e9 beaucoup d&#8217;auteurs dans ce cas et que c&#8217;est une immense satisfaction, parce que j&#8217;aime les livres, parce que je suis scandalis\u00e9e par certains contrats que j&#8217;ai eus entre les mains, et surtout parce que c&#8217;est une philosophie de vie : \u0153uvrer pour le bien de tous. Il ne me suffit pas d&#8217;\u00eatre heureuse, il faut aussi que les autres le soient.<\/p>\n<p><a href=\"http:\/\/labrodeusedemots.com\/index.php\/edition-autoedition-compte-dauteur-comment-sy-retrouver\/\">Notre tableau r\u00e9capitulatif<\/a><\/p>\n<p><a href=\"http:\/\/labrodeusedemots.com\/index.php\/prestations\/\">Nos prestations<\/a><\/p>\n","protected":false},"excerpt":{"rendered":"<p>L&#8217;auto\u00e9dition consiste pour un auteur \u00e0 prendre lui-m\u00eame en charge l&#8217;\u00e9dition de ses ouvrages, sans passer par l&#8217;interm\u00e9diaire d&#8217;une maison d&#8217;\u00e9dition et surtout pas par un compte d&#8217;auteur. Elle se distingue pr\u00e9cis\u00e9ment de l&#8217;\u00e9dition \u00e0 compte d&#8217;\u00e9diteur ou \u00e0 compte d&#8217;auteur. Dans le premier cas, l&#8217;\u00e9diteur se charge \u00e0 ses frais de r\u00e9aliser et diffuser &hellip; <\/p>\n","protected":false},"author":1,"featured_media":0,"parent":0,"menu_order":0,"comment_status":"closed","ping_status":"closed","template":"","meta":[],"_links":{"self":[{"href":"https:\/\/labrodeusedemots.com\/index.php\/wp-json\/wp\/v2\/pages\/89"}],"collection":[{"href":"https:\/\/labrodeusedemots.com\/index.php\/wp-json\/wp\/v2\/pages"}],"about":[{"href":"https:\/\/labrodeusedemots.com\/index.php\/wp-json\/wp\/v2\/types\/page"}],"author":[{"embeddable":true,"href":"https:\/\/labrodeusedemots.com\/index.php\/wp-json\/wp\/v2\/users\/1"}],"replies":[{"embeddable":true,"href":"https:\/\/labrodeusedemots.com\/index.php\/wp-json\/wp\/v2\/comments?post=89"}],"version-history":[{"count":3,"href":"https:\/\/labrodeusedemots.com\/index.php\/wp-json\/wp\/v2\/pages\/89\/revisions"}],"predecessor-version":[{"id":221,"href":"https:\/\/labrodeusedemots.com\/index.php\/wp-json\/wp\/v2\/pages\/89\/revisions\/221"}],"wp:attachment":[{"href":"https:\/\/labrodeusedemots.com\/index.php\/wp-json\/wp\/v2\/media?parent=89"}],"curies":[{"name":"wp","href":"https:\/\/api.w.org\/{rel}","templated":true}]}}