{"id":88,"date":"2020-11-17T14:19:58","date_gmt":"2020-11-17T13:19:58","guid":{"rendered":"http:\/\/labrodeusedemots.com\/?page_id=88"},"modified":"2020-11-18T16:56:43","modified_gmt":"2020-11-18T15:56:43","slug":"edition-a-compte-dediteur","status":"publish","type":"page","link":"https:\/\/labrodeusedemots.com\/index.php\/edition-a-compte-dediteur\/","title":{"rendered":"\u00c9dition \u00e0 compte d&#8217;\u00e9diteur"},"content":{"rendered":"<p style=\"text-align: justify;\"><i>Les \u00c9ditions du Puits de Roulle<\/i> mettent \u00e0 disposition du public en moyenne 3 nouveaux titres par an car nous ne publions que des \u00e9crits soigneusement s\u00e9lectionn\u00e9s, retravaill\u00e9s et de bonne facture, ce qui repr\u00e9sente un co\u00fbt en temps et en argent.<\/p>\n<p style=\"text-align: justify;\">\n<p style=\"text-align: justify;\"><strong>Notre ligne \u00e9ditoriale<\/strong><\/p>\n<p style=\"text-align: justify;\">Nous souhaitons avant toute chose proposer des ouvrages in\u00e9dits qui permettent de comprendre et d&#8217;honorer les liens entre les Hommes.<\/p>\n<p style=\"text-align: justify;\">Nous proposons des livres qui seront autant de ponts entre les diff\u00e9rentes cultures, les diff\u00e9rentes traditions, les diff\u00e9rentes r\u00e9gions de France comme du globe, les diff\u00e9rentes \u00e9poques, les diff\u00e9rentes g\u00e9n\u00e9rations, les diff\u00e9rentes croyances.<\/p>\n<p style=\"text-align: justify;\">Depuis 2013, nous avons lanc\u00e9 une collection baptis\u00e9e <em>\u00catre sensible<\/em>, enti\u00e8rement d\u00e9di\u00e9e \u00e0 la cause animale.<\/p>\n<p style=\"text-align: justify;\"><img class=\"aligncenter\" src=\"https:\/\/editionsdupuitsderoulle.com\/images\/Etre%20sensible%20coll\/ML%20ES%20novembre%202013.jpg\" alt=\"Etre sensible\" \/><\/p>\n<p style=\"text-align: justify;\"><a href=\"http:\/\/www.annagaloreleblog.com\/2013\/10\/25\/etre-sensible\/\" target=\"_blank\" rel=\"noopener noreferrer\">En savoir plus<\/a>.<\/p>\n<p>&nbsp;<\/p>\n<p style=\"text-align: justify;\"><strong>MESSAGE IMPORTANT \u00c0 L&#8217;ATTENTION DES AUTEURS<\/strong><\/p>\n<p style=\"text-align: justify;\">Si vous vous reconnaissez dans notre ligne \u00e9ditoriale et que vous souhaitez nous soumettre l&#8217;un de vos manuscrits, veuillez nous le faire parvenir\u00a0<span style=\"text-decoration: underline;\">uniquement par voie postale<\/span>.<\/p>\n<p style=\"text-align: justify;\">Pour une meilleure lisibilit\u00e9, merci de nous adresser vos documents en format A4, recto seulement, pages num\u00e9rot\u00e9es et si possible reli\u00e9es (spirales par exemple). Par ailleurs, pensez \u00e0 laisser une marge pour faciliter la lecture et\u00a0 d&#8217;\u00e9ventuelles annotations.<\/p>\n<p style=\"text-align: justify;\">Pour des raisons de co\u00fbts trop \u00e9lev\u00e9s, nous ne pouvons retourner les manuscrits refus\u00e9s qu&#8217;aux personnes nous ayant joint une enveloppe timbr\u00e9e \u00e0 leurs nom et adresse.<\/p>\n<p style=\"text-align: justify;\">Si vous vous posez des questions sur l&#8217;envoi du manuscrit, nous vous recommandons la lecture des articles de Thomas Cl\u00e9ment :\u00a0<a href=\"http:\/\/clement.blogs.com\/thomas_clment\/2006\/01\/les_vrais_couli.html\">Les vraies coulisses de l&#8217;\u00e9dition<\/a>, vous y trouverez de nombreux conseils \u00e0 suivre.<\/p>\n<p style=\"text-align: justify;\">Actuellement, notre d\u00e9lai de r\u00e9ponse est de 7 mois minimum.<\/p>\n<h3 class=\"entry-header\" style=\"text-align: justify;\"><\/h3>\n<p style=\"text-align: justify;\">\n","protected":false},"excerpt":{"rendered":"<p>Les \u00c9ditions du Puits de Roulle mettent \u00e0 disposition du public en moyenne 3 nouveaux titres par an car nous ne publions que des \u00e9crits soigneusement s\u00e9lectionn\u00e9s, retravaill\u00e9s et de bonne facture, ce qui repr\u00e9sente un co\u00fbt en temps et en argent. Notre ligne \u00e9ditoriale Nous souhaitons avant toute chose proposer des ouvrages in\u00e9dits qui &hellip; <\/p>\n","protected":false},"author":1,"featured_media":0,"parent":0,"menu_order":0,"comment_status":"closed","ping_status":"closed","template":"","meta":[],"_links":{"self":[{"href":"https:\/\/labrodeusedemots.com\/index.php\/wp-json\/wp\/v2\/pages\/88"}],"collection":[{"href":"https:\/\/labrodeusedemots.com\/index.php\/wp-json\/wp\/v2\/pages"}],"about":[{"href":"https:\/\/labrodeusedemots.com\/index.php\/wp-json\/wp\/v2\/types\/page"}],"author":[{"embeddable":true,"href":"https:\/\/labrodeusedemots.com\/index.php\/wp-json\/wp\/v2\/users\/1"}],"replies":[{"embeddable":true,"href":"https:\/\/labrodeusedemots.com\/index.php\/wp-json\/wp\/v2\/comments?post=88"}],"version-history":[{"count":3,"href":"https:\/\/labrodeusedemots.com\/index.php\/wp-json\/wp\/v2\/pages\/88\/revisions"}],"predecessor-version":[{"id":207,"href":"https:\/\/labrodeusedemots.com\/index.php\/wp-json\/wp\/v2\/pages\/88\/revisions\/207"}],"wp:attachment":[{"href":"https:\/\/labrodeusedemots.com\/index.php\/wp-json\/wp\/v2\/media?parent=88"}],"curies":[{"name":"wp","href":"https:\/\/api.w.org\/{rel}","templated":true}]}}