{"id":87,"date":"2020-11-17T14:19:58","date_gmt":"2020-11-17T13:19:58","guid":{"rendered":"http:\/\/labrodeusedemots.com\/?page_id=87"},"modified":"2020-11-18T17:59:06","modified_gmt":"2020-11-18T16:59:06","slug":"edition-autoedition-compte-dauteur-comment-sy-retrouver","status":"publish","type":"page","link":"https:\/\/labrodeusedemots.com\/index.php\/edition-autoedition-compte-dauteur-comment-sy-retrouver\/","title":{"rendered":"\u00c9dition ? Auto\u00e9dition ? Compte d&#8217;auteur ? Comment s&#8217;y retrouver ?"},"content":{"rendered":"<p style=\"text-align: justify;\">Notre site internet est maintenant en ligne depuis plusieurs ann\u00e9es. Depuis le 1er f\u00e9vrier 2010, vous avez \u00e9t\u00e9 nombreuses et nombreux \u00e0 vous promener dans ses couloirs \u00e0 en croire Google Analytics, qui indique plusieurs milliers de visiteurs uniques et de pages vues.<\/p>\n<p style=\"text-align: justify;\">Plus de 10 ans d&#8217;existence donc et j&#8217;ai le grand bonheur d&#8217;avoir accompagn\u00e9 des dizaines d&#8217;auteurs dont eMma MessanA dans la r\u00e9alisation de son premier livre en auto\u00e9dition : <i>Le r\u00e9gime de Repl\u00e8te la sorci\u00e8re <\/i>(r\u00e9imprim\u00e9 car \u00e9puis\u00e9 en \u00a0dix jours !), d&#8217;avoir r\u00e9alis\u00e9 le troisi\u00e8me recueil de po\u00e9sies de Rosaria Mora-Laconi : <i>Au fil des Mots<\/i>, <i>Histoires br\u00e8ves d&#8217;un monde \u00e9trange &#8211; Observances<\/i><i>,\u00a0<\/i>de Jacques Guerrier<i>, <\/i><i>Le Mythe de Jonas &#8211; Si Jonas m&#8217;\u00e9tait cont\u00e9<\/i><i>,\u00a0<\/i>de Robert R\u00e9gor Mougeot<i>, <\/i><i>Lugagne &#8211; La<\/i><i>\u00a0Saga<\/i><i>,\u00a0<\/i>collectif familial<i>, etc.\u00a0<\/i>et aussi d&#8217;avoir pu publier \u00e0 compte d&#8217;\u00e9diteur, via Les \u00c9ditions du Puits de Roulle, pr\u00e8s d&#8217;une trentaine d&#8217;ouvrages dont certains ont \u00e9t\u00e9 s\u00e9lectionn\u00e9s pour des prix et adapt\u00e9s au th\u00e9\u00e2tre (<i>Les voyageurs au Sang d&#8217;Or,<\/i>\u00a0de Kathy Dauthuille, la trilogie<i> Le\u00a0<\/i><i>tr\u00e8s lumineux secret,<\/i><i>\u00a0<\/i>d&#8217;Anna Galore<i>,\u00a0<\/i><em>Le racisme anti-blanc- ne pas en parler un d\u00e9ni de r\u00e9alit\u00e9<\/em><i>,\u00a0<\/i>de Tarik Yildiz<i>,<\/i><i> \u00c0 l&#8217;embaum\u00e9e des fleurs<\/i><i>,\u00a0<\/i>du po\u00e8te Robert Notenboom et bien d&#8217;autres auteurs encore (voir <a href=\"http:\/\/labrodeusedemots.com\/index.php\/catalogues\/\">nos catalogues<\/a>).<\/p>\n<p style=\"text-align: justify;\">Vos visites ont engendr\u00e9 des remarques, des corrections, des appr\u00e9ciations diverses et vari\u00e9es, de v\u00e9ritables critiques constructives et per\u00e7ues comme telles, ce dont je vous remercie sinc\u00e8rement.<\/p>\n<p style=\"text-align: justify;\">Plusieurs personnes m&#8217;ont fait remarquer qu&#8217;il serait bon de consacrer un article \u00e0\u00a0<b>expliquer la diff\u00e9rence entre l&#8217;\u00e9dition classique (\u00e0 compte d&#8217;\u00e9diteur), l&#8217;auto\u00e9dition et l&#8217;\u00e9dition \u00e0 compte d&#8217;auteur<\/b>, le voici donc.<\/p>\n<p style=\"text-align: justify;\">Au sens premier, le mot\u00a0<i>\u00ab \u00e9diter \u00bb<\/i>\u00a0a pour origine le mot latin editum (de edere) et signifie\u00a0<i>\u00ab faire para\u00eetre au public \u00bb<\/i>. Il y a l\u00e0 toute l&#8217;id\u00e9e que j&#8217;aime particuli\u00e8rement de lien, de lier, relier les hommes entre eux gr\u00e2ce au livre, tout comme on relie entre elles les pages d&#8217;un ouvrage.<\/p>\n<p style=\"text-align: justify;\">Cette activit\u00e9 est celle de l&#8217;\u00e9dition et les personnes ou entreprises qui l&#8217;exercent sont des \u00e9diteurs.<\/p>\n<p style=\"text-align: justify;\">Selon la nature de l&#8217;\u0153uvre publi\u00e9e (livres, p\u00e9riodiques, musique, logiciels, jeux vid\u00e9o), les \u00e9diteurs sp\u00e9cialis\u00e9s sont d\u00e9sign\u00e9s par des termes plus pr\u00e9cis tels que : maison d\u2019\u00e9dition (livre), \u00e9diteur de presse (presse) ou \u00e9diteur de logiciel (logiciel).<\/p>\n<p style=\"text-align: justify;\">L&#8217;autre sens du mot\u00a0<i>\u00ab \u00e9diter \u00bb<\/i>\u00a0est modifier, corriger, ce qui fait aussi partie int\u00e9grante du travail d&#8217;\u00e9diteur.<\/p>\n<p style=\"text-align: justify;\"><b>1 &#8211; L&#8217;\u00e9dition litt\u00e9raire &#8211; \u00c9dition classique, \u00e0 compte d&#8217;\u00e9diteur<\/b><\/p>\n<p style=\"text-align: justify;\">L&#8217;\u00e9diteur choisit parmi des\u00a0<i>\u00ab tapuscrits \u00bb<\/i>\u00a0qui lui sont soumis, des ouvrages pr\u00e9c\u00e9demment \u00e9dit\u00e9s, des ouvrages \u00e9dit\u00e9s en d&#8217;autres langues, ou encore des ouvrages de commande, les \u0153uvres qui correspondent \u00e0 la ligne \u00e9ditoriale de sa (ou ses) collection. Apr\u00e8s corrections, il communique le texte \u00e0 un imprimeur, en convenant des caract\u00e9ristiques techniques du livre et du nombre d&#8217;exemplaires \u00e0 imprimer.<\/p>\n<p style=\"text-align: justify;\">L&#8217;\u00e9diteur prend tout le risque financier de l&#8217;\u00e9dition. Les b\u00e9n\u00e9fices vont principalement au diffuseur et au distributeur du livre, qui sont charg\u00e9s, pour le premier, de d\u00e9marcher les libraires et de prendre leurs commandes, pour le second, d&#8217;acheminer les livres aux librairies, pour honorer les commandes prises par le premier. Ces op\u00e9rations co\u00fbtent \u00e0 l&#8217;\u00e9diteur entre 50 et 60% du chiffre d&#8217;affaires d\u00e9gag\u00e9 par le livre. Le reste du chiffre d&#8217;affaires va \u00e0 l&#8217;auteur d&#8217;une part (environ 10%, ce chiffre part de beaucoup plus bas, aux alentours de 6% pour les illustr\u00e9s, et peut atteindre 20% voire plus pour les meilleures ventes) et \u00e0 l&#8217;\u00e9diteur d&#8217;autre part, qui peut ainsi r\u00e9mun\u00e9rer, outre ses salari\u00e9s (assistants d&#8217;\u00e9dition, attach\u00e9s de presse, charg\u00e9s de fabrication, maquettiste, etc.), toute la cha\u00eene du travail du livre (imprimeurs, correcteurs, photographes freelance, \u00e9ventuellement documentalistes, etc.)<\/p>\n<p style=\"text-align: justify;\">C&#8217;est l&#8217;\u00e9diteur qui coordonne le parcours de la cha\u00eene du livre et, souvent, qui \u00e9tablit \u00e9galement le programme financier int\u00e9grant les co\u00fbts pr\u00e9vus et les gains esp\u00e9r\u00e9s, comme dans n&#8217;importe quelle entreprise.<\/p>\n<p style=\"text-align: justify;\">Ensuite, l&#8217;\u00e9diteur confie le destin du livre au diffuseur et au distributeur qui, eux-m\u00eames, s&#8217;en remettent aux soins du libraire.<\/p>\n<p style=\"text-align: justify;\">\u00c0 noter que l&#8217;on qualifie d&#8217;\u00e9diteur la personne qui effectue le travail \u00e9ditorial et dirige des collections (et pas seulement le directeur de la maison d&#8217;\u00e9dition). Les \u00e9diteurs sont salari\u00e9s d&#8217;une maison d&#8217;\u00e9dition ou sous contrat avec elle.<\/p>\n<p style=\"text-align: center;\"><b>AU REGARD DE LA LOI,<br \/>\nle contrat d&#8217;\u00e9dition ne s&#8217;entend que si l&#8217;\u00e9dition<br \/>\n(fabrication, publication et diffusion de l&#8217;ouvrage)<br \/>\nest un investissement propre de l&#8217;\u00e9diteur.<\/b><\/p>\n<p style=\"text-align: justify;\">Celui-ci doit assumer enti\u00e8rement le risque financier de l&#8217;op\u00e9ration.<br \/>\n\u00c0 d\u00e9faut, notamment si l&#8217;auteur est tenu de participer financi\u00e8rement d&#8217;une quelconque fa\u00e7on, le contrat d&#8217;\u00e9dition n&#8217;en est plus un et la cession des droits est nulle.(1)<\/p>\n<p style=\"text-align: justify;\">On en arrive ainsi \u00e0 l&#8217;\u00e9dition \u00e0 compte d&#8217;auteur.<\/p>\n<p style=\"text-align: justify;\"><b>2 &#8211; L&#8217;\u00e9dition \u00e0 compte d\u2019auteur<\/b><\/p>\n<p style=\"text-align: justify;\">Dans le cadre du contrat \u00e0 compte d\u2019auteur, il est demand\u00e9 \u00e0 l\u2019auteur de participer tr\u00e8s largement (si ce n&#8217;est int\u00e9gralement, voire bien plus) au financement de l\u2019\u00e9dition et de la diffusion de l\u2019\u0153uvre.<\/p>\n<p style=\"text-align: justify;\">Les auteurs qui voudraient choisir cette forme de contrat doivent faire preuve d\u2019une grande vigilance. L\u2019exp\u00e9rience montre en effet que les auteurs sont souvent d\u00e9\u00e7us, notamment par la diffusion (pourtant promise) tr\u00e8s restreinte de l\u2019\u0153uvre.<\/p>\n<p style=\"text-align: justify;\">Un \u00e9diteur \u00e0 compte d\u2019auteur n\u2019est pas un \u00e9diteur stricto sensu, mais un prestataire de services. L\u2019auteur devient un client. L\u2019\u00e9diteur \u00e0 compte d\u2019auteur n\u2019assume pas le risque \u00e9ditorial. En contrepartie, l\u2019auteur devrait ne pas lui c\u00e9der ses droits, rester propri\u00e9taire du tirage et recevoir la majeure partie du produit des ventes, ce qui n&#8217;est pas le cas. J&#8217;ai \u00e0 la maison des contrats de ces maisons dites d&#8217;\u00e9dition qui sont hallucinants.<\/p>\n<p style=\"text-align: justify;\">Je conseille vivement aux personnes qui seraient int\u00e9ress\u00e9es par ce genre de contrats de bien les lire et surtout de se renseigner avant de signer quoi que ce soit (voir \u00e0 ce sujet l&#8217;excellent site de Marc Autret, journaliste sp\u00e9cialis\u00e9 dans les domaines de l&#8217;\u00e9dition, du droit d&#8217;auteur et des technologies de l&#8217;information).<\/p>\n<p style=\"text-align: justify;\">L\u2019\u00e9diteur vous \u00e9crit pour vous exposer votre future \u00e9dition, vous proposer des services qu\u2019il mettra en place contre une r\u00e9mun\u00e9ration. Cette lettre sera contractuelle au m\u00eame titre que le futur contrat. Si dans cette lettre, des points sont obscurs (la diffusion reste vague, le lancement n\u2019est pas \u00e9voqu\u00e9, etc.), vous devez alors imp\u00e9rativement exiger des pr\u00e9cisions par courrier, avant de demander l\u2019envoi du contrat.<\/p>\n<p style=\"text-align: justify;\">Toute &#8220;note de lecture&#8221; ou &#8220;avis favorable&#8221; sur votre manuscrit doit \u00eatre consid\u00e9r\u00e9e comme sans valeur puisque c\u2019est d\u2019abord votre capacit\u00e9 \u00e0 financer votre publication qui int\u00e9resse cet \u00e9diteur. La note de lecture favorable doit \u00eatre consid\u00e9r\u00e9e comme un \u00e9l\u00e9ment commercial destin\u00e9 \u00e0 vous inciter \u00e0 signer le contrat&#8230; et celui-ci peut \u00eatre trompeur.<\/p>\n<p style=\"text-align: justify;\">Pensez \u00e0 vous procurer chez l\u2019\u00e9diteur &#8211; ou par le biais d\u2019un libraire, s\u2019il pr\u00e9tend diffuser en librairie &#8211; un ouvrage semblable \u00e0 ce que sera votre futur livre. Pensez \u00e0 surveiller votre contrat. Suivez pas \u00e0 pas votre \u00e9dition. En tant que ma\u00eetre d\u2019ouvrage (c\u2019est vous qui payez !), vous devez exiger du ma\u00eetre d\u2019\u0153uvre (l\u2019entrepreneur de livres) qu\u2019il justifie int\u00e9gralement tous les services qu\u2019il vous a propos\u00e9s. (Source Centre National du Livre)<\/p>\n<p style=\"text-align: justify;\">Dans le cadre de l&#8217;\u00e9dition \u00e0 compte d&#8217;auteur ou compte participatif, on trouve aussi l&#8217;impression \u00e0 la demande.<\/p>\n<p>L&#8217;impression \u00e0 la demande pr\u00e9sente l&#8217;avantage pour l&#8217;auteur de ne pas avoir \u00e0 avancer d&#8217;argent. En revanche, elle pr\u00e9sente de nombreux inconv\u00e9nients :<\/p>\n<p>&#8211; mauvaise qualit\u00e9 du livre : une impression faite en Espagne pour Lulu.com par exemple, car moins on\u00e9reuse, mais de moins bonne qualit\u00e9 aussi. Papier moyen, colle non satisfaisante, pages mal massicot\u00e9es, montage m\u00e9diocre, photo de couverture mal cadr\u00e9e, etc.<\/p>\n<p>&#8211; aucune relecture. Pas de conseils.<\/p>\n<p>&#8211; l&#8217;auteur doit se charger de tout lui-m\u00eame. Nombreuses d\u00e9marches, ce qui prend du temps.<\/p>\n<p>&#8211; co\u00fbt du livre final trop cher pour esp\u00e9rer toucher un large public.<\/p>\n<p>&#8211; d\u00e9lais de livraison tr\u00e8s longs, annonc\u00e9s de 10 \u00e0 15 jours ouvrables.<\/p>\n<p>Alors, quelle solution s&#8217;offre aux auteurs qui ne trouvent pas d&#8217;\u00e9diteur \u00e0 compte d&#8217;\u00e9diteur ? \u00c0 mes yeux, la seule envisageable sans risque est l&#8217;auto-\u00e9dition.<\/p>\n<p style=\"text-align: justify;\">A lire imp\u00e9rativement en cas de doute : <a href=\"https:\/\/www.babelio.com\/livres\/Autret-150-questions-sur-ledition--Antiseche-a-lusage-\/43725\"><em>150 questions sur l&#8217;\u00e9dition<\/em><\/a>, de Marc Autret.<\/p>\n<p style=\"text-align: justify;\"><b>3 &#8211; L&#8217;auto\u00e9dition<\/b><\/p>\n<p style=\"text-align: justify;\">L&#8217;auto\u00e9dition consiste pour un auteur \u00e0 prendre lui-m\u00eame en charge l&#8217;\u00e9dition de ses ouvrages, sans passer par l&#8217;interm\u00e9diaire d&#8217;une maison d&#8217;\u00e9dition et surtout pas par un compte d&#8217;auteur.<\/p>\n<p style=\"text-align: justify;\">Elle se distingue pr\u00e9cis\u00e9ment de l&#8217;\u00e9dition \u00e0 compte d&#8217;\u00e9diteur ou \u00e0 compte d&#8217;auteur. Dans le premier cas, l&#8217;\u00e9diteur se charge \u00e0 ses frais de r\u00e9aliser et diffuser l&#8217;ouvrage en r\u00e9mun\u00e9rant l&#8217;auteur selon les ventes. Dans le second, l&#8217;\u00e9diteur s&#8217;en charge ou pr\u00e9tend le faire (il y a d\u00e9faut de distribution) aux frais de l&#8217;auteur.<\/p>\n<p style=\"text-align: justify;\">Dans le cas de l&#8217;auto\u00e9dition, l&#8217;auteur se charge de toutes les \u00e9tapes de la publication du livre :<\/p>\n<p>&#8211; la saisie et la mise en page.<\/p>\n<p>&#8211; les corrections : orthographe, grammaire, style, r\u00e8gles typographiques.<\/p>\n<p>&#8211; l&#8217;impression : elle peut \u00eatre \u00e9ventuellement r\u00e9alis\u00e9e avec une imprimante personnelle pour un petit projet ; la reliure est toutefois un point d\u00e9licat, car le r\u00e9sultat n&#8217;est pas toujours satisfaisant (reliure type spirale). Toutefois, l&#8217;impression est le plus souvent confi\u00e9e \u00e0 un professionnel.<\/p>\n<p>&#8211; la r\u00e9alisation de sa couverture en y int\u00e9grant un ISBN, un code-barre et en indiquant le prix de l&#8217;ouvrage.<\/p>\n<p>&#8211; la conversion du manuscrit et la couverture en fichiers au format Portable Document Format si on veut avoir recours \u00e0 un imprimeur.<\/p>\n<p>&#8211; les formalit\u00e9s administratives et juridiques (ISBN, d\u00e9p\u00f4ts l\u00e9gaux).<\/p>\n<p>&#8211; la publicit\u00e9.<\/p>\n<p>&#8211; la diffusion de son livre : c&#8217;est la phase sans doute la plus d\u00e9licate de l&#8217;auto\u00e9dition, mais pas plus que celle d&#8217;une \u00e9dition \u00e0 compte d&#8217;\u00e9diteur !<\/p>\n<p style=\"text-align: justify;\">L&#8217;auto\u00e9dition permet de rentabiliser son investissement, contrairement \u00e0 un compte d&#8217;auteur qui co\u00fbte entre 2000 et 4000 \u20ac, et qui, m\u00eame en esp\u00e9rant vendre des centaines d&#8217;ouvrages, ne permet pas de r\u00e9cup\u00e9rer son budget de d\u00e9part avec 10 % de droits d&#8217;auteur sur le prix de vente HT du livre.<\/p>\n<p><u>Exemple :<\/u><\/p>\n<p style=\"text-align: justify;\">Si votre livre est vendu 15 \u20ac et que vous touchez 1,42 \u20ac par vente (10 % en droits d&#8217;auteur sr le prix de vente HT), il vous faudra vendre 2113 livres pour simplement r\u00e9cup\u00e9rer les 3 000 \u20ac que vous aurez pay\u00e9. Vendre plus de 2000 exemplaires d&#8217;un livre est une chose qui ne se fait pas facilement, m\u00eame pour un\u00a0 \u00e9diteur ! Tandis que quand vous vous auto\u00e9ditez, vous touchez l&#8217;int\u00e9gralit\u00e9 (100 %) du prix de vente de votre livre et rentrerez probablement dans vos frais puisqu&#8217;il faudra en vendre dix fois moins pour y parvenir.<\/p>\n<p style=\"text-align: justify;\">Les seuls inconv\u00e9nients de l&#8217;auto\u00e9dition restent le temps que cela demande et les comp\u00e9tences requises pour aller au bout de votre projet. C&#8217;est pour cela que j&#8217;ai cr\u00e9\u00e9 les services de <em>La Brodeuse de Mots<\/em>, pour aider les personnes, les accompagner dans la r\u00e9alisation de leur beau projet. Pourquoi ? Parce que j&#8217;ai d\u00e9j\u00e0 aid\u00e9 beaucoup d&#8217;auteurs dans ce cas et que c&#8217;est une immense satisfaction, parce que j&#8217;aime les livres, parce que je suis scandalis\u00e9e par certains contrats que j&#8217;ai eus entre les mains, et surtout parce que c&#8217;est une philosophie de vie : \u0153uvrer pour le bien de tous. Il ne me suffit pas d&#8217;\u00eatre heureuse, il faut aussi que les autres le soient.<\/p>\n<p>&nbsp;<\/p>\n<p style=\"text-align: center;\"><strong><big>TABLEAU R\u00c9CAPITULATIF\u00a0 <\/big><\/strong><strong><big>pour un ouvrage de 150 \/ 200 pages<\/big><\/strong><\/p>\n<table border=\"1\" cellspacing=\"2\" cellpadding=\"2\">\n<tbody>\n<tr>\n<td><\/td>\n<td>\u00c9DITEUR<\/td>\n<td>\u00c9DITEUR \u00c0<br \/>\nCOMPTE D&#8217;AUTEUR<\/td>\n<td>AUTO\u00c9DITION<\/td>\n<td>AUTO\u00c9DITION AVEC LES<br \/>\n\u00c9DITIONS DU PUITS DE ROULLE<\/td>\n<td><\/td>\n<\/tr>\n<tr>\n<td>MISE EN PAGE<\/td>\n<td>OUI<\/td>\n<td>OUI<\/td>\n<td>CHARGE AUTEUR<\/td>\n<td>OUI<\/td>\n<\/tr>\n<tr>\n<td>CORRECTIONS TYPOGRAPHIQUES<\/td>\n<td>OUI<\/td>\n<td>OUI<br \/>\n(nombreuses erreurs constat\u00e9es)<\/td>\n<td>CHARGE AUTEUR<\/td>\n<td>OUI<\/td>\n<\/tr>\n<tr>\n<td>CORRECTIONS R\u00c9\u00c9CRITURE<\/td>\n<td>OUI<\/td>\n<td>NON<\/td>\n<td>CHARGE AUTEUR<\/td>\n<td>CHARGE AUTEUR \/ POSSIBILIT\u00c9 \u00c9DITEUR<\/td>\n<\/tr>\n<tr>\n<td>CORRECTIONS LANGUE<\/td>\n<td>OUI<\/td>\n<td>NON<\/td>\n<td>CHARGE AUTEUR<\/td>\n<td>CHARGE AUTEUR \/ POSSIBILIT\u00c9 \u00c9DITEUR<\/td>\n<\/tr>\n<tr>\n<td>\n<div>R\u00c9ALISATION DES FICHIERS<\/div>\n<p>POUR IMPRESSION<\/td>\n<td>OUI<\/td>\n<td>OUI<\/td>\n<td>CHARGE AUTEUR<\/td>\n<td>OUI<\/td>\n<\/tr>\n<tr>\n<td>OBTENTION D&#8217;UN ISBN<\/td>\n<td>OUI<\/td>\n<td>OUI<\/td>\n<td>CHARGE AUTEUR<\/td>\n<td>OUI<\/td>\n<\/tr>\n<tr>\n<td>D\u00c9P\u00d4TS LEGAUX<\/td>\n<td>OUI<\/td>\n<td>OUI<\/td>\n<td>CHARGE AUTEUR<\/td>\n<td>OUI<\/td>\n<\/tr>\n<tr>\n<td>IMPRESSION<\/td>\n<td>OUI<\/td>\n<td>OUI<\/td>\n<td>CHARGE AUTEUR<\/td>\n<td>OUI<\/td>\n<\/tr>\n<tr>\n<td>LIVRAISON<\/td>\n<td><\/td>\n<td><\/td>\n<td>CHARGE AUTEUR<\/td>\n<td>OUI<\/td>\n<\/tr>\n<tr>\n<td>DIFFUSION<\/td>\n<td>OUI<\/td>\n<td>Annonc\u00e9e charge \u00e9diteur<br \/>\nmais tr\u00e8s faible.<\/p>\n<div>Attention, certains contrats interdisent \u00e0 l&#8217;auteur de diffuser lui-m\u00eame son livre<br \/>\npendant la dur\u00e9e<br \/>\ndu contrat !<\/div>\n<\/td>\n<td>CHARGE AUTEUR<\/td>\n<td>CHARGE AUTEUR \/<br \/>\nCONSEILS \u00c9DITEUR<\/td>\n<\/tr>\n<tr>\n<td>DISTRIBUTION<\/td>\n<td>OUI<\/td>\n<td>OUI<\/td>\n<td>CHARGE AUTEUR<\/td>\n<td>CHARGE AUTEUR \/ POSSIBILIT\u00c9 \u00c9DITEUR<\/td>\n<\/tr>\n<tr>\n<td>CO\u00dbT POUR L&#8217;AUTEUR<\/td>\n<td>0 \u20ac<\/td>\n<td>3\u00a0000 \u20ac \u00e0 5 000 \u20ac<br \/>\n&#8211; Co\u00fbts observ\u00e9s &#8211;<\/td>\n<td>CO\u00dbT IMPRESSION<\/td>\n<td>CO\u00dbT IMPRESSION + PRESTATION &lt; 3 000 \u20ac<br \/>\npour 100 exemplaires<br \/>\n&#8211; Co\u00fbts observ\u00e9s &#8211;<\/td>\n<\/tr>\n<tr>\n<td>R\u00c9MUNERATION AUTEUR<\/td>\n<td>10 %<br \/>\ndroits d&#8217;auteur<\/td>\n<td>10 %<br \/>\ndroits d&#8217;auteur<\/td>\n<td>TOTALIT\u00c9 DU PRODUIT DE SES VENTES<\/td>\n<td>TOTALIT\u00c9 DU PRODUIT DE SES VENTES<\/td>\n<\/tr>\n<tr>\n<td>DROIT<\/td>\n<td>l&#8217;auteur c\u00e8de \u00a0ses<br \/>\ndroits \u00e0 l&#8217;\u00e9diteur<\/td>\n<td>l&#8217;auteur c\u00e8de \u00a0ses<br \/>\ndroits \u00e0 l&#8217;\u00e9diteur<\/td>\n<td>L&#8217;AUTEUR CONSERVE L&#8217;INTEGRALIT\u00c9 DE SES DROITS<\/td>\n<td>L&#8217;AUTEUR CONSERVE L&#8217;INTEGRALIT\u00c9 DE SES DROITS<\/td>\n<\/tr>\n<tr>\n<td>D\u00c9LAI D&#8217;OBTENTION DU LIVRE<\/td>\n<td>3 \u00e0 12 mois<br \/>\net plus<\/td>\n<td>3 \u00e0 12 mois<\/td>\n<td>SELON CAPACIT\u00c9S DE L&#8217;AUTEUR<\/td>\n<td>QUELQUES SEMAINES\u00a0\u00c0 PLUSIEURS MOIS, SELON R\u00c9ACTIVIT\u00c9 DE L&#8217;AUTEUR<\/td>\n<\/tr>\n<\/tbody>\n<\/table>\n<p>&nbsp;<\/p>\n<p style=\"text-align: justify;\">Conseil aux auteurs en qu\u00eate d&#8217;\u00e9diteur : vous pouvez dans un premier temps <a href=\"http:\/\/labrodeusedemots.com\/index.php\/liens-sur-ledition\/\">consulter notre page liens sur l&#8217;\u00e9dition\u00a0<\/a>et, si vous h\u00e9sitez entre plusieurs \u00e9diteurs, notre conseil est le suivant : fournissez vous des ouvrages chez ces derniers pour en appr\u00e9cier la facture et n&#8217;h\u00e9sitez pas \u00e0 contactez des auteurs ayant d\u00e9j\u00e0 \u00e9t\u00e9 \u00e9dit\u00e9s\u00a0depuis plus d&#8217;un an\u00a0chez les professionnels que vous avez retenus.<\/p>\n<p><a href=\"http:\/\/labrodeusedemots.com\/index.php\/aide-a-lautoedition\/\">En savoir plus sur nos prestations d&#8217;aide \u00e0 l&#8217;auto\u00e9dition<\/a>.<\/p>\n","protected":false},"excerpt":{"rendered":"<p>Notre site internet est maintenant en ligne depuis plusieurs ann\u00e9es. Depuis le 1er f\u00e9vrier 2010, vous avez \u00e9t\u00e9 nombreuses et nombreux \u00e0 vous promener dans ses couloirs \u00e0 en croire Google Analytics, qui indique plusieurs milliers de visiteurs uniques et de pages vues. Plus de 10 ans d&#8217;existence donc et j&#8217;ai le grand bonheur d&#8217;avoir &hellip; <\/p>\n","protected":false},"author":1,"featured_media":0,"parent":0,"menu_order":0,"comment_status":"closed","ping_status":"closed","template":"","meta":[],"_links":{"self":[{"href":"https:\/\/labrodeusedemots.com\/index.php\/wp-json\/wp\/v2\/pages\/87"}],"collection":[{"href":"https:\/\/labrodeusedemots.com\/index.php\/wp-json\/wp\/v2\/pages"}],"about":[{"href":"https:\/\/labrodeusedemots.com\/index.php\/wp-json\/wp\/v2\/types\/page"}],"author":[{"embeddable":true,"href":"https:\/\/labrodeusedemots.com\/index.php\/wp-json\/wp\/v2\/users\/1"}],"replies":[{"embeddable":true,"href":"https:\/\/labrodeusedemots.com\/index.php\/wp-json\/wp\/v2\/comments?post=87"}],"version-history":[{"count":10,"href":"https:\/\/labrodeusedemots.com\/index.php\/wp-json\/wp\/v2\/pages\/87\/revisions"}],"predecessor-version":[{"id":218,"href":"https:\/\/labrodeusedemots.com\/index.php\/wp-json\/wp\/v2\/pages\/87\/revisions\/218"}],"wp:attachment":[{"href":"https:\/\/labrodeusedemots.com\/index.php\/wp-json\/wp\/v2\/media?parent=87"}],"curies":[{"name":"wp","href":"https:\/\/api.w.org\/{rel}","templated":true}]}}