{"id":82,"date":"2020-11-17T14:19:58","date_gmt":"2020-11-17T13:19:58","guid":{"rendered":"http:\/\/labrodeusedemots.com\/?page_id=82"},"modified":"2020-11-18T14:35:47","modified_gmt":"2020-11-18T13:35:47","slug":"interview-la-plume-effrontee","status":"publish","type":"page","link":"https:\/\/labrodeusedemots.com\/index.php\/interview-la-plume-effrontee\/","title":{"rendered":"Interview La Plume Effront\u00e9e"},"content":{"rendered":"<p style=\"text-align: justify;\"><img loading=\"lazy\" class=\"wp-image-176 size-full aligncenter\" src=\"http:\/\/labrodeusedemots.com\/wp-content\/uploads\/2020\/11\/BPM-itvSL-1-768x432-1.jpg\" alt=\"\" width=\"650\" height=\"365\" srcset=\"https:\/\/labrodeusedemots.com\/wp-content\/uploads\/2020\/11\/BPM-itvSL-1-768x432-1.jpg 650w, https:\/\/labrodeusedemots.com\/wp-content\/uploads\/2020\/11\/BPM-itvSL-1-768x432-1-300x168.jpg 300w, https:\/\/labrodeusedemots.com\/wp-content\/uploads\/2020\/11\/BPM-itvSL-1-768x432-1-107x60.jpg 107w\" sizes=\"(max-width: 650px) 100vw, 650px\" \/><\/p>\n<p style=\"text-align: justify;\"><em>La Plume Effront\u00e9e, <\/em>site cr\u00e9\u00e9 par <a href=\"https:\/\/blandinepmartin.fr\/\">Blandine P. Martin<\/a>, donne la parole aux auteurs ind\u00e9pendants et aux \u00e9diteurs. \u00c0 d\u00e9couvrir, l&#8217;interview de St\u00e9phanie Lahana, \u00e9ditrice aux <em>\u00c9ditions du Puits de Roulle<\/em> et prestataire de service en aide \u00e0 l&#8217;auto\u00e9dition \u00e0 <em>La Brodeuse de mots<\/em>.<\/p>\n<p style=\"text-align: justify;\"><strong>J\u2019ai le plaisir de recevoir aujourd\u2019hui, St\u00e9phanie Lahana, fondatrice des <em>\u00c9ditions du Puits de Roulle<\/em>, et de <em>La Brodeuse de mots<\/em>, une activit\u00e9 visant \u00e0 aider les auteurs ayant souhait\u00e9 de s\u2019auto\u00e9diter.<\/strong><\/p>\n<p style=\"text-align: justify;\"><strong>Bonjour, St\u00e9phanie, et merci d\u2019avoir accept\u00e9 de r\u00e9pondre \u00e0 cette interview aujourd\u2019hui.\u00a0\u00a0<\/strong><strong>Pourriez-vous nous pr\u00e9senter vos diff\u00e9rentes activit\u00e9s\u00a0?<\/strong><\/p>\n<p style=\"text-align: justify;\">Bonjour Blandine, bonjour \u00e0 tous. C\u2019est un plaisir que de r\u00e9pondre \u00e0 vos questions. Je suis \u00e0 la fois \u00e9ditrice \u00e0 compte d\u2019\u00e9diteur et prestataire de services en aide \u00e0 l\u2019auto\u00e9dition.<\/p>\n<p style=\"text-align: justify;\">L\u2019aventure a commenc\u00e9 il y a plus de dix ans. \u00c0 l\u2019\u00e9poque, je vivais en r\u00e9gion parisienne et travaillais dans l\u2019audiovisuel, mais l\u2019\u00e9crit a toujours \u00e9t\u00e9 mon domaine de pr\u00e9dilection. D\u2019ailleurs, l\u2019\u00e9criture est primordiale dans l\u2019audiovisuel, qu\u2019il s\u2019agisse de films, de s\u00e9ries TV, d\u2019anim\u00e9s ou encore de jeux vid\u00e9o, rien ne peut se faire sans avoir \u00e9t\u00e9 pr\u00e9alablement \u00e9crit.<\/p>\n<p style=\"text-align: justify;\">En dehors de mon travail, j\u2019effectuais b\u00e9n\u00e9volement des relectures de manuscrits, des corrections \u00e9ditoriales et des r\u00e9\u00e9critures de textes. Puis, j\u2019ai quitt\u00e9 la capitale pour m\u2019installer dans le sud de la France, \u00e0 N\u00eemes. C\u2019est l\u00e0 que j\u2019ai d\u00e9cid\u00e9 de faire de cette exp\u00e9rience mon m\u00e9tier.<\/p>\n<p style=\"text-align: justify;\">Cela ne s\u2019est pas fait en un claquement de doigts. Il a fallu dans un premier temps bien d\u00e9finir mon projet puis v\u00e9rifier sa faisabilit\u00e9. La premi\u00e8re id\u00e9e a \u00e9t\u00e9 de mettre mon savoir-faire \u00e0 la disposition des particuliers ou des institutions (entreprises, associations, etc.) qui cherchent de l\u2019aide pour publier un \u00e9crit (romans, pi\u00e8ce de th\u00e9\u00e2tre, po\u00e9sie, lettre d\u2019information, etc.) car cela demande un travail consid\u00e9rable tant sur le fond que sur la forme. J\u2019ai pass\u00e9 une ann\u00e9e \u00e0 me former \u00e0 la gestion d\u2019entreprise aupr\u00e8s de la boutique de gestion locale, puis j\u2019ai test\u00e9 mon activit\u00e9 en couveuse d\u2019entreprises pendant deux autres ann\u00e9es, tout en continuant \u00e0 me former.<\/p>\n<p style=\"text-align: justify;\">Comme mon activit\u00e9 d\u00e9marrait bien, j\u2019ai d\u00e9cid\u00e9 de cr\u00e9er aussi une maison d\u2019\u00e9dition, afin de promouvoir des ouvrages qui sont \u00e0 mes yeux des moyens de cr\u00e9er du lien et partant, de faire du bien. <em>Les \u00c9ditions du Puits de Roulle<\/em> sont n\u00e9es en m\u00eame temps que <em>La Brodeuse de Mots<\/em>.<\/p>\n<p style=\"text-align: justify;\"><strong>Si je comprends bien, vous mettez donc votre exp\u00e9rience \u00e0 profit pour deux types de missions :\u00a0<\/strong><strong>l\u2019\u00e9dition traditionnelle en tant qu\u2019\u00e9ditrice des <em>\u00c9ditions du Puits de Roulle<\/em>,\u00a0<\/strong><strong>mais aussi l\u2019aide \u00e0 l\u2019auto\u00e9dition avec <em>La Brodeuse de mots<\/em>.\u00a0\u00a0<\/strong><strong>C\u2019est bien cela\u00a0?<\/strong><\/p>\n<p style=\"text-align: justify;\">Oui, c\u2019est \u00e7a.<\/p>\n<p style=\"text-align: justify;\"><strong>Concernant la ligne \u00e9ditoriale des <em>\u00c9ditions du Puits de Roulle<\/em>, il semble essentiel \u00e0 vos yeux de mettre en avant des \u00e9crits engag\u00e9s. Que pouvez-vous nous dire \u00e0 ce sujet\u00a0?<\/strong><\/p>\n<p style=\"text-align: justify;\">C\u2019est vrai, oui, c\u2019est ainsi que je consid\u00e8re mon activit\u00e9, comme un engagement. Un engagement vis-\u00e0-vis de l\u2019auteur que j\u2019int\u00e8gre dans ma maison d\u2019\u00e9dition, un engagement aussi vis-\u00e0-vis du lecteur et un engagement vis-\u00e0-vis de certaines valeurs qui me sont ch\u00e8res, telles que le respect et l\u2019empathie. C\u2019est aussi le moyen de d\u00e9fendre des causes, comme la cause animale, ch\u00e8re \u00e0 mon c\u0153ur. J\u2019ai d\u2019ailleurs cr\u00e9\u00e9 une collection qui lui est enti\u00e8rement d\u00e9di\u00e9e\u00a0: la collection \u00ab\u00a0\u00catre sensible\u00a0\u00bb, collection que vous connaissez bien d\u2019ailleurs Blandine, puisque c\u2019est celle qui a l\u2019honneur d\u2019avoir publi\u00e9 l\u2019histoire de votre chien \u00ab\u00a0<em>Lord, seigneur des rues roumaines<\/em>\u00a0\u00bb, un petit bijou\u00a0!<\/p>\n<p style=\"text-align: justify;\">Mais revenons \u00e0 l\u2019engagement. Le verbe\u00a0<em>\u00ab\u00a0\u00e9diter\u00a0\u00bb<\/em>\u00a0a plusieurs sens. Le premier est\u00a0: modifier, corriger, ce qui fait partie int\u00e9grante du travail d\u2019\u00e9diteur. Le second sens est \u00ab<em>\u00a0faire para\u00eetre au public\u00a0<\/em>\u00bb. Il y a l\u00e0 toute l\u2019id\u00e9e, que j\u2019aime particuli\u00e8rement, de lien, de lier, relier les hommes entre eux gr\u00e2ce au livre, tout comme on relie entre elles les pages d\u2019un ouvrage, de rendre publiques des id\u00e9es auxquelles j\u2019adh\u00e8re et qui me semblent apporter une petite dose de bien dans ce monde. C\u2019est un peu ma part du colibri.<\/p>\n<p style=\"text-align: justify;\"><strong>Revenons-en \u00e0 <em>La Brodeuse de mots<\/em>\u00a0: quels types de services proposez-vous aux auteurs ind\u00e9pendants\u00a0?<\/strong><\/p>\n<p style=\"text-align: justify;\">Avant de r\u00e9pondre en d\u00e9tail \u00e0 cette question, si vous le permettez, je tiens \u00e0 pr\u00e9ciser aussi le r\u00f4le de l\u2019\u00e9diteur dans une maison d\u2019\u00e9dition, car il me semble que cela peut aider le lecteur \u00e0 comprendre la diff\u00e9rence entre \u00e9dition, \u00e9dition \u00e0 compte d\u2019auteur et auto\u00e9dition ou \u00e9dition ind\u00e9pendante.<\/p>\n<p style=\"text-align: justify;\">En tant qu\u2019\u00e9ditrice, aux <em>\u00c9ditions du Puits de Roulle<\/em>, je choisis parmi des\u00a0<em>\u00ab\u00a0tapuscrits\u00a0\u00bb<\/em>\u00a0qui me sont envoy\u00e9s ou parmi des ouvrages d\u00e9j\u00e0 \u00e9dit\u00e9s, par exemple en auto\u00e9dition (\u00e7a a \u00e9t\u00e9 le cas pour\u00a0<em>Tisserand du soleil<\/em>, par exemple), des \u0153uvres qui correspondent \u00e0 ma ligne \u00e9ditoriale. C\u2019est la maison d\u2019\u00e9dition qui finance tout (dans le cas contraire, on est dans le compte d\u2019auteur, qui n\u2019est pas de l\u2019\u00e9dition\u00a0; en effet, au regard de la loi, le contrat d\u2019\u00e9dition ne s\u2019entend que si l\u2019\u00e9dition [fabrication, publication et diffusion de l\u2019ouvrage] est un investissement propre de l\u2019\u00e9diteur). L\u2019auteur est r\u00e9mun\u00e9r\u00e9 en droits d\u2019auteur.<\/p>\n<p style=\"text-align: justify;\">En tant que prestataire de services, via\u00a0<em>La Brodeuse de Mots<\/em>, j\u2019apporte mon savoir-faire aux auteurs ou associations, entreprises, etc. qui souhaitent s\u2019auto\u00e9diter, c\u2019est-\u00e0-dire, qui souhaitent s\u2019\u00e9diter eux-m\u00eames pour quelque raison que ce soit (ind\u00e9pendance, simplicit\u00e9, d\u00e9lais, etc.), sans passer par l\u2019interm\u00e9diaire d\u2019une maison d\u2019\u00e9dition et surtout pas par un compte d\u2019auteur.<\/p>\n<p style=\"text-align: justify;\">Ils peuvent me confier la totalit\u00e9 du travail ou bien une partie. C\u2019est selon les cas. Cela peut concerner la saisie du texte et la mise en page\u00a0; les corrections (orthographe, grammaire, style, r\u00e8gles typographiques)\u00a0; la r\u00e9alisation de la couverture\u00a0; l\u2019obtention de l\u2019ISBN\u00a0; la conversion du manuscrit et de la couverture en fichiers en HD pour impression\u00a0; l\u2019impression (r\u00e9alis\u00e9e en France par d\u2019excellents professionnels soucieux de l\u2019environnement)\u00a0; les formalit\u00e9s administratives et juridiques. J\u2019accompagne ainsi les personnes dans tout ce qui rel\u00e8ve du texte et de la cr\u00e9ation du livre en tant qu\u2019objet. La partie diffusion, communication, publicit\u00e9, vente intervient ensuite, c\u2019est l\u2019auteur qui s\u2019en charge.<\/p>\n<p style=\"text-align: justify;\">Dans le cas de l\u2019auto\u00e9dition, il n\u2019est pas de question de cession de droits, l\u2019auteur \u00e9tant son propre \u00e9diteur. Puisqu\u2019il a financ\u00e9 sa publication, il touche l\u2019int\u00e9gralit\u00e9 du fruit de ses ventes, ce qui lui permet g\u00e9n\u00e9ralement de rentrer dans ses frais, voire d\u2019engendrer un b\u00e9n\u00e9fice.<\/p>\n<p style=\"text-align: justify;\"><strong>Ces points que vous rappelez me semblent en effet essentiels. <em>La Brodeuse de mots<\/em> peut donc adapter son offre aux besoins de chaque auteur afin de proposer un accompagnement sur mesure.<\/strong><\/p>\n<p style=\"text-align: justify;\">C\u2019est \u00e7a.<\/p>\n<p style=\"text-align: justify;\"><strong>Selon votre exp\u00e9rience, observez-vous une diff\u00e9rence de profil entre les auteurs souhaitant rester compl\u00e8tement ind\u00e9pendants, de ceux pr\u00e9f\u00e9rant uniquement \u00eatre \u00e9dit\u00e9s par une maison d\u2019\u00e9dition\u00a0?<\/strong><\/p>\n<p style=\"text-align: justify;\">Ah\u00a0! Bonne question. Est-ce que j\u2019ai pu observer une diff\u00e9rence de profil entre les auteurs qui souhaitent rester ind\u00e9pendants et ceux qui pr\u00e9f\u00e8rent \u00eatre \u00e9dit\u00e9s \u00e0 compte d\u2019\u00e9diteur\u00a0?<\/p>\n<p style=\"text-align: justify;\">Je dirais que je ne peux parler que de mon exp\u00e9rience. Alors, oui, de fait, il y a plusieurs profils d\u2019auteurs mais pas forc\u00e9ment entre ind\u00e9pendants et \u00e9dit\u00e9s \u00e0 compte d\u2019\u00e9diteur.<\/p>\n<p style=\"text-align: justify;\">Il y a des personnes qui sollicitent une \u00e9dition \u00e0 compte d\u2019\u00e9diteur uniquement pour des raisons financi\u00e8res\u00a0: elles souhaitent voir leur \u00e9crit sous forme de livre, sans que cela ne leur co\u00fbte rien, ce qui a mes yeux est la pire des raisons. D\u2019autres personnes cherchent une certaine reconnaissance dans le fait d\u2019\u00eatre accept\u00e9 par une maison d\u2019\u00e9dition, l\u00e0 aussi, \u00e7a ne para\u00eet pas \u00eatre une bonne raison de vouloir \u00eatre publi\u00e9. Et puis, il y a des auteurs qui souhaitent \u00eatre \u00e9dit\u00e9s \u00e0 compte d\u2019\u00e9diteur pour mener \u00e0 bien un travail de concert, parce qu\u2019elles se reconnaissent dans vos valeurs aussi. \u00ab\u00a0J\u2019ai \u00e9crit un texte, \u00e7a me para\u00eet int\u00e9ressant, je l\u2019ai relu et corrig\u00e9, retravaill\u00e9, maintenant, j\u2019ai besoin de collaborer avec un professionnel pour l\u2019am\u00e9liorer encore et le faire conna\u00eetre \u00e0 un public. Je connais votre travail, j\u2019ai lu un ou plusieurs livres que vous avez d\u00e9j\u00e0 \u00e9dit\u00e9s et j\u2019aimerais faire partie de vos auteurs\u00a0\u00bb, bref des personnes qui ont une attitude professionnelle.<\/p>\n<p style=\"text-align: justify;\">En auto\u00e9dition, j\u2019ai rencontr\u00e9 diff\u00e9rentes motivations. Il y a des personnes qui s\u2019auto\u00e9ditent apr\u00e8s avoir essuy\u00e9 plusieurs refus de maisons d\u2019\u00e9dition, heureuses de trouver via l\u2019auto\u00e9dition un moyen de faire vivre leur livre. D\u2019autres choisissent l\u2019ind\u00e9pendance car elles souhaitent diffuser leur \u00e9crit \u00e0 un public restreint (famille, amis, etc.). D\u2019autres encore choisissent l\u2019auto\u00e9dition suite \u00e0 une ou plusieurs mauvaises exp\u00e9riences avec une maison d\u2019\u00e9dition. Elles connaissent le milieu et s\u2019occupent bien de leur activit\u00e9 d\u2019auteur. Enfin, certaines personnes ne souhaitent tout simplement pas d\u00e9pendre d\u2019une tierce personne et pr\u00e9f\u00e8rent tout g\u00e9rer seules. En s\u2019auto\u00e9ditant, elles gardent la main mise sur le texte, le visuel de couverture, la promo, les ventes, etc.<\/p>\n<p style=\"text-align: justify;\"><strong>De plus en plus d\u2019auteurs optent pour un statut hybride\u00a0: certains titres sont autopubli\u00e9s par choix, d\u2019autres confi\u00e9s aux soins d\u2019un \u00e9diteur. Selon vous, qu\u2019est-ce qui motive cette \u00e9volution\u00a0du statut d\u2019auteur\u00a0?<\/strong><\/p>\n<p style=\"text-align: justify;\">L\u00e0 encore, les motivations d\u00e9pendent des personnes, de leurs attentes et de leur caract\u00e8re. Personnellement, pour ce qui est de ce cas pr\u00e9cis, la plupart du temps, j\u2019ai rencontr\u00e9 des auteurs qui publiaient en auto\u00e9dition parce que leur \u00e9diteur habituel avait refus\u00e9 leur manuscrit pour X raisons. Un auteur ind\u00e9pendant peut aussi proposer un manuscrit \u00e0 un \u00e9diteur parce que son texte est diff\u00e9rent de ce qu\u2019il \u00e9crit habituellement et correspond mieux \u00e0 la ligne \u00e9ditoriale de telle ou telle collection, cela lui permettant de toucher le bon lectorat.<\/p>\n<p style=\"text-align: justify;\"><strong>Que conseilleriez-vous aux auteurs h\u00e9sitant entre les deux modes d\u2019\u00e9dition\u00a0? Selon vous, quels sont les points essentiels \u00e0 prendre en compte afin de choisir la m\u00e9thode qui convient le mieux au cas par cas\u00a0?<\/strong><\/p>\n<p style=\"text-align: justify;\">Je pense qu\u2019avant toute chose, l\u2019auteur doit se poser la question de savoir pourquoi il souhaite voir son manuscrit publi\u00e9. Il doit r\u00e9pondre sinc\u00e8rement \u00e0 cette question, car la r\u00e9ponse d\u00e9terminera en grande partie la meilleure solution pour lui. Selon le but qu\u2019il cherche \u00e0 atteindre, l\u2019\u00e9dition \u00e0 compte d\u2019\u00e9diteur ou l\u2019\u00e9dition ind\u00e9pendante conviendra le mieux.<\/p>\n<p style=\"text-align: justify;\"><strong>Enfin, revenons-en si vous le voulez bien \u00e0 la notion de textes engag\u00e9s. Vous \u00eates, vous-m\u00eame tr\u00e8s engag\u00e9e dans divers domaines, notamment pour la cause animale (comme vous le disiez pr\u00e9c\u00e9demment, toute une collection de votre structure est d\u00e9di\u00e9e \u00e0 celle-ci). Alors que les sorties de romans sont de plus en plus nombreuses chaque jour, et l\u2019esp\u00e9rance de vie de chaque titre de plus en plus \u00e9ph\u00e9m\u00e8re, pensez-vous qu\u2019il soit encore possible de combiner fiction et textes engag\u00e9s\u00a0?<\/strong><\/p>\n<p style=\"text-align: justify;\">Aux <em>\u00c9ditions du Puits de Roulle<\/em>, nous avons publi\u00e9 des romans, des fictions donc, et des textes engag\u00e9s sous forme de r\u00e9cits ou d\u2019essais. Le march\u00e9 du livre papier est en recul depuis plusieurs ann\u00e9es et 2018 a \u00e9t\u00e9 l\u2019une des plus difficiles avec une baisse des ventes enregistr\u00e9es au niveau national de 1,7\u00a0%, la plus forte depuis dix ans. Seuls les secteurs de la BD et de la jeunesse ont le vent en poupe, alors oui, il est difficile pour nous de publier des nouveaut\u00e9s dans les domaines cit\u00e9s plus haut car cela demande du temps et de l\u2019argent. Or, plus il y a de titres publi\u00e9s, plus il est difficile d\u2019\u00eatre visible et donc, de vendre. Par ailleurs, les tarifs de La Poste qui ne cessent d\u2019augmenter et les vendeurs tels Amazon, la Fnac, etc. qui nous imposent des conditions drastiques mangent le maigre b\u00e9n\u00e9fice des ventes, car contrairement \u00e0 ce qu\u2019un public ignorant du march\u00e9 peut croire, un \u00e9diteur ne se met pas 90\u00a0% du prix de vente d\u2019un livre dans sa poche, nets d\u2019imp\u00f4ts. Un exemple tout frais de ce matin m\u00eame. Une commande de la Fnac pour un livre vendu 12 \u20ac, prix public. Nous leur accordons une remise de 30\u00a0%, soit 8,40 \u20ac le livre pour eux qui refusent de payer les frais de port qui sont de 5,28 \u20ac pour cet ouvrage. Au final, il reste 3,12 \u20ac pour la maison d\u2019\u00e9dition. \u00c0 cela, vous \u00f4tez 1,20 \u20ac de droit d\u2019auteur, il reste 1,92 \u20ac. Avec \u00e7a, vous devez payer l\u2019essence pour aller \u00e0 La Poste, des enveloppes \u00e0 bulles pour les exp\u00e9ditions, vos charges diverses. Alors, \u00e9pargner en vue de nouvelles publications ou de retirages est possible oui, mais long. Nous publions donc moins de nouveaut\u00e9s, mais je continue \u00e0 le faire car il me semble crucial de pouvoir donner vie \u00e0 ces ouvrages.<\/p>\n<p>Propos recueillis par <a href=\"https:\/\/blandinepmartin.fr\/\">Blandine P. Martin<\/a><\/p>\n<p style=\"text-align: justify;\">\n","protected":false},"excerpt":{"rendered":"<p>La Plume Effront\u00e9e, site cr\u00e9\u00e9 par Blandine P. Martin, donne la parole aux auteurs ind\u00e9pendants et aux \u00e9diteurs. \u00c0 d\u00e9couvrir, l&#8217;interview de St\u00e9phanie Lahana, \u00e9ditrice aux \u00c9ditions du Puits de Roulle et prestataire de service en aide \u00e0 l&#8217;auto\u00e9dition \u00e0 La Brodeuse de mots. J\u2019ai le plaisir de recevoir aujourd\u2019hui, St\u00e9phanie Lahana, fondatrice des \u00c9ditions &hellip; <\/p>\n","protected":false},"author":1,"featured_media":0,"parent":0,"menu_order":0,"comment_status":"closed","ping_status":"closed","template":"","meta":[],"_links":{"self":[{"href":"https:\/\/labrodeusedemots.com\/index.php\/wp-json\/wp\/v2\/pages\/82"}],"collection":[{"href":"https:\/\/labrodeusedemots.com\/index.php\/wp-json\/wp\/v2\/pages"}],"about":[{"href":"https:\/\/labrodeusedemots.com\/index.php\/wp-json\/wp\/v2\/types\/page"}],"author":[{"embeddable":true,"href":"https:\/\/labrodeusedemots.com\/index.php\/wp-json\/wp\/v2\/users\/1"}],"replies":[{"embeddable":true,"href":"https:\/\/labrodeusedemots.com\/index.php\/wp-json\/wp\/v2\/comments?post=82"}],"version-history":[{"count":4,"href":"https:\/\/labrodeusedemots.com\/index.php\/wp-json\/wp\/v2\/pages\/82\/revisions"}],"predecessor-version":[{"id":179,"href":"https:\/\/labrodeusedemots.com\/index.php\/wp-json\/wp\/v2\/pages\/82\/revisions\/179"}],"wp:attachment":[{"href":"https:\/\/labrodeusedemots.com\/index.php\/wp-json\/wp\/v2\/media?parent=82"}],"curies":[{"name":"wp","href":"https:\/\/api.w.org\/{rel}","templated":true}]}}