{"id":80,"date":"2020-11-17T14:19:58","date_gmt":"2020-11-17T13:19:58","guid":{"rendered":"http:\/\/labrodeusedemots.com\/?page_id=80"},"modified":"2020-11-24T16:46:53","modified_gmt":"2020-11-24T15:46:53","slug":"les-editions-du-puits-de-roulle","status":"publish","type":"page","link":"https:\/\/labrodeusedemots.com\/index.php\/les-editions-du-puits-de-roulle\/","title":{"rendered":"Les \u00c9ditions du Puits de Roulle"},"content":{"rendered":"\r\n<p><img loading=\"lazy\" class=\"aligncenter size-full wp-image-134\" src=\"http:\/\/labrodeusedemots.com\/wp-content\/uploads\/2020\/11\/10-ans-montage.jpg\" alt=\"\" width=\"1119\" height=\"777\" srcset=\"https:\/\/labrodeusedemots.com\/wp-content\/uploads\/2020\/11\/10-ans-montage.jpg 1119w, https:\/\/labrodeusedemots.com\/wp-content\/uploads\/2020\/11\/10-ans-montage-300x208.jpg 300w, https:\/\/labrodeusedemots.com\/wp-content\/uploads\/2020\/11\/10-ans-montage-1024x711.jpg 1024w, https:\/\/labrodeusedemots.com\/wp-content\/uploads\/2020\/11\/10-ans-montage-768x533.jpg 768w, https:\/\/labrodeusedemots.com\/wp-content\/uploads\/2020\/11\/10-ans-montage-86x60.jpg 86w\" sizes=\"(max-width: 1119px) 100vw, 1119px\" \/><\/p>\r\n<p style=\"text-align: center;\"><em>2010 &#8211; 2020 : Les \u00c9ditions du Puits de Roulle ont 10 ans !<\/em><\/p>\r\n<p style=\"text-align: justify;\">Les \u00c9ditions du Puits de Roulle sont une maison d&#8217;\u00e9dition n\u00eemoise, fond\u00e9e par St\u00e9phanie Lahana, qui \u00e9dite \u00e0 compte d&#8217;\u00e9diteur et dont l&#8217;activit\u00e9 a d\u00e9but\u00e9 en couveuse d&#8217;entreprise en janvier 2010, puis sous forme de soci\u00e9t\u00e9 jusqu&#8217;en juin 2017. Ce statut n&#8217;\u00e9tant pas adapt\u00e9 aux volume de leurs publications, Les \u00c9ditions du Puits de Roulle continuent depuis leur activit\u00e9 \u00e9ditoriale sous forme associative.<\/p>\r\n<p style=\"text-align: justify;\"><b>Pourquoi l&#8217;\u00e9dition \u00e0 compte d&#8217;\u00e9diteur ?<\/b> Les \u00c9ditions du Puits de Roulle sont n\u00e9es d&#8217;un constat : il existe de trop nombreux ouvrages qu&#8217;ils soient romans, essais, t\u00e9moignages, etc. qui restent \u00e9loign\u00e9s de leur public. Or, nous sommes convaincus que ces \u00e9crits ont leur place dans la cr\u00e9ation litt\u00e9raire actuelle, qu&#8217;ils devraient permettre eux aussi de comprendre et d&#8217;honorer les liens entre les hommes. Nous souhaitons qu&#8217;ils soient enfin accessibles au plus grand nombre. Ainsi, d\u00e8s que nous en avons les moyens, en temps et en argent, nous \u00e9ditons de nouveaux auteurs (voir notre <a href=\"http:\/\/labrodeusedemots.com\/index.php\/catalogue-les-editions-du-puits-de-roulle\/\">catalogue \u00e0 compte d&#8217;\u00e9diteur<\/a>).<\/p>\r\n","protected":false},"excerpt":{"rendered":"<p>2010 &#8211; 2020 : Les \u00c9ditions du Puits de Roulle ont 10 ans ! Les \u00c9ditions du Puits de Roulle sont une maison d&#8217;\u00e9dition n\u00eemoise, fond\u00e9e par St\u00e9phanie Lahana, qui \u00e9dite \u00e0 compte d&#8217;\u00e9diteur et dont l&#8217;activit\u00e9 a d\u00e9but\u00e9 en couveuse d&#8217;entreprise en janvier 2010, puis sous forme de soci\u00e9t\u00e9 jusqu&#8217;en juin 2017. Ce statut &hellip; <\/p>\n","protected":false},"author":1,"featured_media":0,"parent":0,"menu_order":0,"comment_status":"closed","ping_status":"closed","template":"","meta":[],"_links":{"self":[{"href":"https:\/\/labrodeusedemots.com\/index.php\/wp-json\/wp\/v2\/pages\/80"}],"collection":[{"href":"https:\/\/labrodeusedemots.com\/index.php\/wp-json\/wp\/v2\/pages"}],"about":[{"href":"https:\/\/labrodeusedemots.com\/index.php\/wp-json\/wp\/v2\/types\/page"}],"author":[{"embeddable":true,"href":"https:\/\/labrodeusedemots.com\/index.php\/wp-json\/wp\/v2\/users\/1"}],"replies":[{"embeddable":true,"href":"https:\/\/labrodeusedemots.com\/index.php\/wp-json\/wp\/v2\/comments?post=80"}],"version-history":[{"count":7,"href":"https:\/\/labrodeusedemots.com\/index.php\/wp-json\/wp\/v2\/pages\/80\/revisions"}],"predecessor-version":[{"id":267,"href":"https:\/\/labrodeusedemots.com\/index.php\/wp-json\/wp\/v2\/pages\/80\/revisions\/267"}],"wp:attachment":[{"href":"https:\/\/labrodeusedemots.com\/index.php\/wp-json\/wp\/v2\/media?parent=80"}],"curies":[{"name":"wp","href":"https:\/\/api.w.org\/{rel}","templated":true}]}}