{"id":79,"date":"2020-11-17T14:19:58","date_gmt":"2020-11-17T13:19:58","guid":{"rendered":"http:\/\/labrodeusedemots.com\/?page_id=79"},"modified":"2020-11-18T14:51:59","modified_gmt":"2020-11-18T13:51:59","slug":"la-brodeuse-de-mots-2","status":"publish","type":"page","link":"https:\/\/labrodeusedemots.com\/index.php\/la-brodeuse-de-mots-2\/","title":{"rendered":"La Brodeuse de Mots"},"content":{"rendered":"\r\n<figure class=\"wp-block-image size-large\"><img loading=\"lazy\" width=\"1024\" height=\"146\" class=\"wp-image-46\" src=\"http:\/\/labrodeusedemots.com\/wp-content\/uploads\/2018\/03\/Brodeuse-1-ligne-2-1024x146.jpg\" alt=\"\" srcset=\"https:\/\/labrodeusedemots.com\/wp-content\/uploads\/2018\/03\/Brodeuse-1-ligne-2-1024x146.jpg 1024w, https:\/\/labrodeusedemots.com\/wp-content\/uploads\/2018\/03\/Brodeuse-1-ligne-2-300x43.jpg 300w, https:\/\/labrodeusedemots.com\/wp-content\/uploads\/2018\/03\/Brodeuse-1-ligne-2-768x110.jpg 768w\" sizes=\"(max-width: 1024px) 100vw, 1024px\" \/><\/figure>\r\n\r\n\r\n\r\n<p style=\"text-align: justify;\"><b>Aide \u00e0 l&#8217;auto\u00e9dition<\/b><\/p>\r\n<p style=\"text-align: justify;\"><i>La Brodeuse de Mots<\/i> est n\u00e9e d&#8217;un constat : de plus en plus de personnes \u00e9crivent, dans divers domaines, et sont confront\u00e9es soit \u00e0 la difficult\u00e9 de trouver un \u00e9diteur quand elles souhaitent \u00eatre \u00e9dit\u00e9es \u00e0 compte d&#8217;\u00e9diteur, soit \u00e0 la complexit\u00e9 que repr\u00e9sente la r\u00e9alisation d&#8217;un ouvrage de qualit\u00e9 lorsqu&#8217;elles souhaitent s&#8217;auto\u00e9diter.<\/p>\r\n<p style=\"text-align: justify;\">Face \u00e0 ce ph\u00e9nom\u00e8ne, la profession a vu fleurir un nombre consid\u00e9rable de maisons d&#8217;\u00e9dition \u00e0 compte d&#8217;auteur (appel\u00e9es parfois \u00e0 compte participatif) qui proposent des prestations tr\u00e8s on\u00e9reuses qui ne sont souvent pas \u00e0 la hauteur du r\u00e9sultat escompt\u00e9 : pas de relecture, pas de travail \u00e9ditorial, pas de corrections, pas de diffusion ou tr\u00e8s peu, distribution non r\u00e9active, etc. De plus, les auteurs perdent leurs droits pendant la dur\u00e9e du contrat et doivent racheter leurs propres livres s&#8217;ils souhaitent avoir des exemplaires \u00e0 leur disposition.<\/p>\r\n<p style=\"text-align: justify;\">De m\u00eame, il existe plusieurs prestataires proposant l&#8217;impression et la vente de livres sur demande, \u00e0 l&#8217;unit\u00e9. Cette solution, qui pr\u00e9sente l&#8217;avantage de ne pas avoir \u00e0 avancer d&#8217;argent, a n\u00e9anmoins des inconv\u00e9nients majeurs : qualit\u00e9 papier et reliure moyennes, prix de vente \u00e0 l&#8217;unit\u00e9 \u00e9lev\u00e9, probabilit\u00e9 de toucher un public bien moindre que lorsqu&#8217;on poss\u00e8de physiquement des exemplaires \u00e0 pr\u00e9senter \u00e0 son public.<\/p>\r\n<p style=\"text-align: justify;\">Nous savons par exp\u00e9rience qu&#8217;il est possible de voir votre projet d&#8217;\u00e9dition se r\u00e9aliser en conservant vos droits d&#8217;auteur, en ayant vos ouvrages \u00e0 disposition pour la vente, pour offrir ou encore pour vous faire conna\u00eetre aupr\u00e8s des journalistes, des libraires et des diff\u00e9rents points de ventes de votre r\u00e9gion. Cette solution de plus en plus envisag\u00e9e par les \u00e9crivains d\u00e9butants ou aguerris, est l&#8217;auto\u00e9dition.<\/p>\r\n<p style=\"text-align: justify;\">L&#8217;auto\u00e9dition une v\u00e9ritable r\u00e9ponse adapt\u00e9e aux besoins actuels des \u00e9crivains. Toutefois, nombre d&#8217;entre vous ne vous sentez pas en mesure d&#8217;entreprendre les d\u00e9marches n\u00e9cessaires pour tenir enfin votre livre entre vos mains.<\/p>\r\n<p style=\"text-align: justify;\">C&#8217;est ici que <i>La Brodeuse de Mots<\/i> vous apporte son savoir faire. Vous nous envoyez votre manuscrit en format Word et, ensemble, nous r\u00e9alisons votre livre.<\/p>\r\n<p style=\"text-align: justify;\"><i>La Brodeuse de Mots<\/i> et <i>Les \u00c9ditions du Puits de Roulle<\/i> ont \u00e9t\u00e9 cr\u00e9\u00e9es afin de contribuer \u00e0 une r\u00e9elle dynamique culturelle.<\/p>\r\n","protected":false},"excerpt":{"rendered":"<p>Aide \u00e0 l&#8217;auto\u00e9dition La Brodeuse de Mots est n\u00e9e d&#8217;un constat : de plus en plus de personnes \u00e9crivent, dans divers domaines, et sont confront\u00e9es soit \u00e0 la difficult\u00e9 de trouver un \u00e9diteur quand elles souhaitent \u00eatre \u00e9dit\u00e9es \u00e0 compte d&#8217;\u00e9diteur, soit \u00e0 la complexit\u00e9 que repr\u00e9sente la r\u00e9alisation d&#8217;un ouvrage de qualit\u00e9 lorsqu&#8217;elles souhaitent &hellip; <\/p>\n","protected":false},"author":1,"featured_media":0,"parent":0,"menu_order":0,"comment_status":"closed","ping_status":"closed","template":"","meta":[],"_links":{"self":[{"href":"https:\/\/labrodeusedemots.com\/index.php\/wp-json\/wp\/v2\/pages\/79"}],"collection":[{"href":"https:\/\/labrodeusedemots.com\/index.php\/wp-json\/wp\/v2\/pages"}],"about":[{"href":"https:\/\/labrodeusedemots.com\/index.php\/wp-json\/wp\/v2\/types\/page"}],"author":[{"embeddable":true,"href":"https:\/\/labrodeusedemots.com\/index.php\/wp-json\/wp\/v2\/users\/1"}],"replies":[{"embeddable":true,"href":"https:\/\/labrodeusedemots.com\/index.php\/wp-json\/wp\/v2\/comments?post=79"}],"version-history":[{"count":12,"href":"https:\/\/labrodeusedemots.com\/index.php\/wp-json\/wp\/v2\/pages\/79\/revisions"}],"predecessor-version":[{"id":187,"href":"https:\/\/labrodeusedemots.com\/index.php\/wp-json\/wp\/v2\/pages\/79\/revisions\/187"}],"wp:attachment":[{"href":"https:\/\/labrodeusedemots.com\/index.php\/wp-json\/wp\/v2\/media?parent=79"}],"curies":[{"name":"wp","href":"https:\/\/api.w.org\/{rel}","templated":true}]}}