{"id":78,"date":"2020-11-17T14:19:58","date_gmt":"2020-11-17T13:19:58","guid":{"rendered":"http:\/\/labrodeusedemots.com\/?page_id=78"},"modified":"2021-04-06T17:37:31","modified_gmt":"2021-04-06T15:37:31","slug":"qui-suis-je","status":"publish","type":"page","link":"https:\/\/labrodeusedemots.com\/index.php\/qui-suis-je\/","title":{"rendered":"Qui suis-je ?"},"content":{"rendered":"\r\n<div class=\"wp-block-image\">\r\n<figure class=\"aligncenter size-large\"><img loading=\"lazy\" width=\"600\" height=\"450\" class=\"wp-image-150\" src=\"http:\/\/labrodeusedemots.com\/wp-content\/uploads\/2020\/11\/SL-2020-Cevennes.jpg\" alt=\"\" srcset=\"https:\/\/labrodeusedemots.com\/wp-content\/uploads\/2020\/11\/SL-2020-Cevennes.jpg 600w, https:\/\/labrodeusedemots.com\/wp-content\/uploads\/2020\/11\/SL-2020-Cevennes-300x225.jpg 300w, https:\/\/labrodeusedemots.com\/wp-content\/uploads\/2020\/11\/SL-2020-Cevennes-80x60.jpg 80w\" sizes=\"(max-width: 600px) 100vw, 600px\" \/><\/figure>\r\n<\/div>\r\n\r\n\r\n\r\n<p style=\"text-align: justify;\">Bonjour et bienvenue sur mon site internet,<\/p>\r\n<p style=\"text-align: justify;\">Je m&#8217;appelle St\u00e9phanie Lahana, je suis \u00e9ditrice et fondatrice de <em>La Brodeuse de Mots<\/em> et des <em>\u00c9ditions du Puits de Roulle<\/em>. Apr\u00e8s des \u00e9tudes de psychologie, en Bretagne, pendant lesquelles j&#8217;ai travaill\u00e9 sur la psychosomatique et les rapports entre psychanalyse et \u00e9criture, j&#8217;ai exerc\u00e9 en r\u00e9gion parisienne dans les domaines artistique et audiovisuel pendant plusieurs ann\u00e9es. Ancienne collaboratrice d&#8217;une maison d&#8217;\u00e9dition n\u00eemoise, j&#8217;ai \u00e9t\u00e9 form\u00e9e \u00e0 l&#8217;art de la reliure et correctrice de nombreux romans avant de fonder ma propre maison d&#8217;\u00e9dition.<\/p>\r\n<p style=\"text-align: justify;\">En 10 ans, j&#8217;ai r\u00e9alis\u00e9 pr\u00e8s d&#8217;une centaine de maquettes de livres et j&#8217;accompagne avec bonheur et rigueur les auteurs dans leurs projets que ce soit en aide \u00e0 l&#8217;auto\u00e9dition ou en \u00e9dition \u00e0 compte d&#8217;\u00e9diteur.<\/p>\r\n<p style=\"text-align: justify;\">Si je devais r\u00e9sumer l&#8217;activit\u00e9 d&#8217;\u00e9diteur en quelques mots clefs, je dirais que ce m\u00e9tier requiert de nombreuses qualit\u00e9s que sont : la cr\u00e9ativit\u00e9, la curiosit\u00e9 intellectuelle, la m\u00e9ticulosit\u00e9, la rigueur, les capacit\u00e9s d&#8217;analyse, l&#8217;autonomie, l&#8217;avant-gardisme, l&#8217;\u00e9nergie, la r\u00e9activit\u00e9, le sens des structures \u00e0 tous les niveaux et aussi des comp\u00e9tences humaines telles que l&#8217;\u00e9coute, la sensibilit\u00e9, la compassion, l&#8217;int\u00e9grit\u00e9 (honn\u00eatet\u00e9) et le sens du partage.<\/p>\r\n<p style=\"text-align: justify;\">Je vous souhaite bonne lecture !<\/p>\r\n<p style=\"text-align: justify;\">St\u00e9phanie Lahana<\/p>\r\n","protected":false},"excerpt":{"rendered":"<p>Bonjour et bienvenue sur mon site internet, Je m&#8217;appelle St\u00e9phanie Lahana, je suis \u00e9ditrice et fondatrice de La Brodeuse de Mots et des \u00c9ditions du Puits de Roulle. Apr\u00e8s des \u00e9tudes de psychologie, en Bretagne, pendant lesquelles j&#8217;ai travaill\u00e9 sur la psychosomatique et les rapports entre psychanalyse et \u00e9criture, j&#8217;ai exerc\u00e9 en r\u00e9gion parisienne dans &hellip; <\/p>\n","protected":false},"author":1,"featured_media":0,"parent":0,"menu_order":0,"comment_status":"closed","ping_status":"closed","template":"","meta":[],"_links":{"self":[{"href":"https:\/\/labrodeusedemots.com\/index.php\/wp-json\/wp\/v2\/pages\/78"}],"collection":[{"href":"https:\/\/labrodeusedemots.com\/index.php\/wp-json\/wp\/v2\/pages"}],"about":[{"href":"https:\/\/labrodeusedemots.com\/index.php\/wp-json\/wp\/v2\/types\/page"}],"author":[{"embeddable":true,"href":"https:\/\/labrodeusedemots.com\/index.php\/wp-json\/wp\/v2\/users\/1"}],"replies":[{"embeddable":true,"href":"https:\/\/labrodeusedemots.com\/index.php\/wp-json\/wp\/v2\/comments?post=78"}],"version-history":[{"count":9,"href":"https:\/\/labrodeusedemots.com\/index.php\/wp-json\/wp\/v2\/pages\/78\/revisions"}],"predecessor-version":[{"id":711,"href":"https:\/\/labrodeusedemots.com\/index.php\/wp-json\/wp\/v2\/pages\/78\/revisions\/711"}],"wp:attachment":[{"href":"https:\/\/labrodeusedemots.com\/index.php\/wp-json\/wp\/v2\/media?parent=78"}],"curies":[{"name":"wp","href":"https:\/\/api.w.org\/{rel}","templated":true}]}}