{"id":419,"date":"2020-11-26T16:56:00","date_gmt":"2020-11-26T15:56:00","guid":{"rendered":"http:\/\/labrodeusedemots.com\/?page_id=419"},"modified":"2020-11-26T16:58:45","modified_gmt":"2020-11-26T15:58:45","slug":"panier","status":"publish","type":"page","link":"https:\/\/labrodeusedemots.com\/index.php\/panier\/","title":{"rendered":"Panier"},"content":{"rendered":"<form action=\"https:\/\/www.paypal.com\/cgi-bin\/webscr\" method=\"post\" target=\"paypal\">\n<p style=\"text-align: justify;\">Pour afficher votre panier et finaliser votre commande, cliquer sur le bouton ci-dessous :<\/p>\n<p><input alt=\"PayPal, le r\u00e9flexe s\u00e9curit\u00e9 pour payer en ligne\" name=\"submit\" src=\"https:\/\/www.paypalobjects.com\/fr_FR\/FR\/i\/btn\/btn_viewcart_LG.gif\" type=\"image\" \/><br \/>\n<img loading=\"lazy\" class=\"aligncenter\" src=\"https:\/\/www.paypalobjects.com\/fr_FR\/i\/scr\/pixel.gif\" alt=\"\" width=\"1\" height=\"1\" border=\"0\" \/><\/p>\n<\/form>\n","protected":false},"excerpt":{"rendered":"<p>Pour afficher votre panier et finaliser votre commande, cliquer sur le bouton ci-dessous :<\/p>\n","protected":false},"author":1,"featured_media":0,"parent":0,"menu_order":0,"comment_status":"closed","ping_status":"closed","template":"","meta":[],"_links":{"self":[{"href":"https:\/\/labrodeusedemots.com\/index.php\/wp-json\/wp\/v2\/pages\/419"}],"collection":[{"href":"https:\/\/labrodeusedemots.com\/index.php\/wp-json\/wp\/v2\/pages"}],"about":[{"href":"https:\/\/labrodeusedemots.com\/index.php\/wp-json\/wp\/v2\/types\/page"}],"author":[{"embeddable":true,"href":"https:\/\/labrodeusedemots.com\/index.php\/wp-json\/wp\/v2\/users\/1"}],"replies":[{"embeddable":true,"href":"https:\/\/labrodeusedemots.com\/index.php\/wp-json\/wp\/v2\/comments?post=419"}],"version-history":[{"count":4,"href":"https:\/\/labrodeusedemots.com\/index.php\/wp-json\/wp\/v2\/pages\/419\/revisions"}],"predecessor-version":[{"id":424,"href":"https:\/\/labrodeusedemots.com\/index.php\/wp-json\/wp\/v2\/pages\/419\/revisions\/424"}],"wp:attachment":[{"href":"https:\/\/labrodeusedemots.com\/index.php\/wp-json\/wp\/v2\/media?parent=419"}],"curies":[{"name":"wp","href":"https:\/\/api.w.org\/{rel}","templated":true}]}}