{"id":263,"date":"2020-11-23T17:05:21","date_gmt":"2020-11-23T16:05:21","guid":{"rendered":"http:\/\/labrodeusedemots.com\/?page_id=263"},"modified":"2020-11-23T17:31:48","modified_gmt":"2020-11-23T16:31:48","slug":"editions-du-puits-de-roulle","status":"publish","type":"page","link":"https:\/\/labrodeusedemots.com\/index.php\/editions-du-puits-de-roulle\/","title":{"rendered":"Les \u00c9ditions du Puits de Roulle"},"content":{"rendered":"<p style=\"text-align: justify;\"><em>Les \u00c9ditions du Puits de Roulle<\/em> sont la maison d&#8217;\u00e9dition de <em>La Brodeuse de Mots<\/em>. Elles ont \u00e9t\u00e9 fond\u00e9es par St\u00e9phanie Lahana en 2010 et ont pour ligne \u00e9ditoriale de favoriser les \u00e9crits qui contribuent \u00e0 mieux comprendre et honorer les liens entre les hommes entre eux, mais aussi entre les hommes et leur environnement.<\/p>\r\n<p style=\"text-align: justify;\">En 10 ans, <em>Les<\/em> <em>\u00c9ditions du Puits de Roulle<\/em>\u00a0ont publi\u00e9 <a href=\"http:\/\/labrodeusedemots.com\/index.php\/catalogue-les-editions-du-puits-de-roulle\/\">33 livres \u00e0 compte d\u2019\u00e9diteur<\/a> de 18 auteurs diff\u00e9rents, dont <a href=\"https:\/\/fr.wikipedia.org\/wiki\/Tarik_Yildiz_(sociologue)\">Tarik Yildiz<\/a> et Roger Lahana qui ont ensuite publi\u00e9 dans de grandes maisons d\u2019\u00e9ditions parisiennes et aussi <a href=\"https:\/\/blandinepmartin.fr\/\">Blandine P. Martin<\/a> qui vit aujourd\u2019hui de sa plume.<\/p>\r\n<p style=\"text-align: justify;\">Plusieurs de nos ouvrages ont \u00e9t\u00e9 s\u00e9lectionn\u00e9s pour \u00eatre pr\u00e9sent\u00e9s \u00e0 des prix litt\u00e9raires dont <a href=\"https:\/\/www.babelio.com\/livres\/Luszka-Comme-une-pierre-dans-un-labyrinthe\/969975\"><em>Comme une pierre dans un labyrinthe<\/em><\/a>, de Damien Luszka, r\u00e9cit figurant parmi les finalistes du <a href=\"https:\/\/www.hors-concours.fr\/a-propos\">Prix Hors Concours de l\u2019\u00e9dition ind\u00e9pendante<\/a> 2018. L&#8217;un d&#8217;entre eux a \u00e9t\u00e9\u00a0 mis en sc\u00e8ne au th\u00e9\u00e2tre : <em>Les voyageurs au sang d\u2019or<\/em>, roman de <a href=\"http:\/\/kathy-dauthuille.fr\/\">Kathy Dauthuille<\/a>.<\/p>\r\n<p style=\"text-align: justify;\">\u00a0<\/p>\r\n<!-- \/wp:paragraph -->\r\n\r\n<!-- wp:paragraph --><!-- \/wp:paragraph -->\r\n\r\n<!-- wp:paragraph -->\r\n<p style=\"text-align: justify;\">\u00a0<\/p>","protected":false},"excerpt":{"rendered":"<p>Les \u00c9ditions du Puits de Roulle sont la maison d&#8217;\u00e9dition de La Brodeuse de Mots. Elles ont \u00e9t\u00e9 fond\u00e9es par St\u00e9phanie Lahana en 2010 et ont pour ligne \u00e9ditoriale de favoriser les \u00e9crits qui contribuent \u00e0 mieux comprendre et honorer les liens entre les hommes entre eux, mais aussi entre les hommes et leur environnement. &hellip; <\/p>\n","protected":false},"author":1,"featured_media":0,"parent":0,"menu_order":0,"comment_status":"closed","ping_status":"closed","template":"","meta":[],"_links":{"self":[{"href":"https:\/\/labrodeusedemots.com\/index.php\/wp-json\/wp\/v2\/pages\/263"}],"collection":[{"href":"https:\/\/labrodeusedemots.com\/index.php\/wp-json\/wp\/v2\/pages"}],"about":[{"href":"https:\/\/labrodeusedemots.com\/index.php\/wp-json\/wp\/v2\/types\/page"}],"author":[{"embeddable":true,"href":"https:\/\/labrodeusedemots.com\/index.php\/wp-json\/wp\/v2\/users\/1"}],"replies":[{"embeddable":true,"href":"https:\/\/labrodeusedemots.com\/index.php\/wp-json\/wp\/v2\/comments?post=263"}],"version-history":[{"count":6,"href":"https:\/\/labrodeusedemots.com\/index.php\/wp-json\/wp\/v2\/pages\/263\/revisions"}],"predecessor-version":[{"id":272,"href":"https:\/\/labrodeusedemots.com\/index.php\/wp-json\/wp\/v2\/pages\/263\/revisions\/272"}],"wp:attachment":[{"href":"https:\/\/labrodeusedemots.com\/index.php\/wp-json\/wp\/v2\/media?parent=263"}],"curies":[{"name":"wp","href":"https:\/\/api.w.org\/{rel}","templated":true}]}}