{"id":2,"date":"2018-01-24T11:17:01","date_gmt":"2018-01-24T10:17:01","guid":{"rendered":"http:\/\/labrodeusedemots.com\/?page_id=2"},"modified":"2022-01-24T17:10:05","modified_gmt":"2022-01-24T16:10:05","slug":"accueil","status":"publish","type":"page","link":"https:\/\/labrodeusedemots.com\/index.php\/accueil\/","title":{"rendered":"Accueil"},"content":{"rendered":"\r\n<p><img class=\"aligncenter\" src=\"http:\/\/www.annagaloreleblog.com\/wp-content\/uploads\/2020\/12\/Moi-cirque-de-Navacelles.jpg\" \/><\/p>\r\n<p>&nbsp;<\/p>\r\n<p style=\"text-align: center;\"><span style=\"font-family: 'Freestyle Script', sans-serif; font-size: 24pt;\"><em>Bienvenue sur le site de La Brodeuse de Mots &#8211; Les \u00c9ditions du Puits de Roulle.<\/em><\/span><\/p>\r\n<p style=\"text-align: justify;\"><span style=\"font-family: georgia, palatino, serif; font-size: 12pt;\"><em>Nous proc\u00e9dons actuellement au d\u00e9m\u00e9nagement de la totalit\u00e9 du contenu de notre ancien site internet vers celui-ci. <\/em><\/span><\/p>\r\n<p style=\"text-align: justify;\"><span style=\"font-family: georgia, palatino, serif; font-size: 12pt;\"><em>12 ans d&#8217;existence, autant d&#8217;actualit\u00e9, plus d&#8217;une centaine de livres publi\u00e9s, des t\u00e9moignages d&#8217;auteurs, des r\u00e9actions de lecteurs&#8230; <\/em><em>tout cela fait beaucoup !<\/em><\/span><\/p>\r\n<p style=\"text-align: justify;\"><span style=\"font-family: georgia, palatino, serif; font-size: 12pt;\"><em>Aussi, nous vous remercions de patienter encore un peu pour que ce nouveau site soit totalement fonctionnel.<\/em><\/span><\/p>\r\n<p>&nbsp;<\/p>\r\n<p><img loading=\"lazy\" class=\"aligncenter size-medium wp-image-788\" src=\"http:\/\/labrodeusedemots.com\/wp-content\/uploads\/2022\/01\/coco-dedicace-218x300.jpg\" alt=\"\" width=\"218\" height=\"300\" srcset=\"https:\/\/labrodeusedemots.com\/wp-content\/uploads\/2022\/01\/coco-dedicace-218x300.jpg 218w, https:\/\/labrodeusedemots.com\/wp-content\/uploads\/2022\/01\/coco-dedicace-745x1024.jpg 745w, https:\/\/labrodeusedemots.com\/wp-content\/uploads\/2022\/01\/coco-dedicace-768x1056.jpg 768w, https:\/\/labrodeusedemots.com\/wp-content\/uploads\/2022\/01\/coco-dedicace-1117x1536.jpg 1117w, https:\/\/labrodeusedemots.com\/wp-content\/uploads\/2022\/01\/coco-dedicace-1490x2048.jpg 1490w, https:\/\/labrodeusedemots.com\/wp-content\/uploads\/2022\/01\/coco-dedicace-44x60.jpg 44w, https:\/\/labrodeusedemots.com\/wp-content\/uploads\/2022\/01\/coco-dedicace-scaled.jpg 1862w\" sizes=\"(max-width: 218px) 100vw, 218px\" \/><\/p>\r\n<p>&nbsp;<\/p>\r\n<h2 style=\"text-align: center;\"><span style=\"font-family: 'Freestyle Script', sans-serif; font-size: 36pt; color: #ff6600;\"><strong>\u00a0 \u00a0SITE EN TRAVAUX : \u00c7a d\u00e9m\u00e9nage !!!\u00a0 \u00a0<\/strong><\/span><\/h2>\r\n<p>&nbsp;<\/p>\r\n<p>&nbsp;<\/p>\r\n<h1 style=\"text-align: center;\"><span style=\"font-family: 'Freestyle Script', sans-serif; font-size: 72pt; color: #008000;\">BONNE ANN\u00c9E 2022 !<\/span><\/h1>\r\n<h3 style=\"text-align: center;\"><img loading=\"lazy\" class=\"aligncenter size-full wp-image-782\" src=\"http:\/\/labrodeusedemots.com\/wp-content\/uploads\/2022\/01\/Meilleurs-Voeux.jpg\" alt=\"\" width=\"524\" height=\"340\" srcset=\"https:\/\/labrodeusedemots.com\/wp-content\/uploads\/2022\/01\/Meilleurs-Voeux.jpg 524w, https:\/\/labrodeusedemots.com\/wp-content\/uploads\/2022\/01\/Meilleurs-Voeux-300x195.jpg 300w, https:\/\/labrodeusedemots.com\/wp-content\/uploads\/2022\/01\/Meilleurs-Voeux-92x60.jpg 92w\" sizes=\"(max-width: 524px) 100vw, 524px\" \/><\/h3>\r\n<p style=\"text-align: justify;\">La Brodeuse de Mots et Les \u00c9ditions du Puits de Roulle vous pr\u00e9sentent leurs meilleurs v\u0153ux pour la nouvelle ann\u00e9e ! Que 2022 vous comble de bons moments et vous apporte la r\u00e9alisation de vos projets les plus fous !<\/p>\r\n<p>&nbsp;<\/p>\r\n<h1 style=\"text-align: center;\"><span style=\"font-family: 'Freestyle Script', sans-serif; font-size: 72pt; color: #ff00ff;\">12 ans d\u00e9j\u00e0 !\u00a0<\/span><\/h1>\r\n<p>&nbsp;<\/p>\r\n\r\n\r\n\r\n<figure class=\"wp-block-image size-large is-style-default\"><img loading=\"lazy\" width=\"1024\" height=\"711\" class=\"wp-image-134 aligncenter\" src=\"http:\/\/labrodeusedemots.com\/wp-content\/uploads\/2020\/11\/10-ans-montage-1024x711.jpg\" alt=\"\" srcset=\"https:\/\/labrodeusedemots.com\/wp-content\/uploads\/2020\/11\/10-ans-montage-1024x711.jpg 1024w, https:\/\/labrodeusedemots.com\/wp-content\/uploads\/2020\/11\/10-ans-montage-300x208.jpg 300w, https:\/\/labrodeusedemots.com\/wp-content\/uploads\/2020\/11\/10-ans-montage-768x533.jpg 768w, https:\/\/labrodeusedemots.com\/wp-content\/uploads\/2020\/11\/10-ans-montage-86x60.jpg 86w, https:\/\/labrodeusedemots.com\/wp-content\/uploads\/2020\/11\/10-ans-montage.jpg 1119w\" sizes=\"(max-width: 1024px) 100vw, 1024px\" \/>\r\n<figcaption><\/figcaption>\r\n<\/figure>\r\n\r\n\r\n\r\n<p class=\"has-text-align-left\"><em><strong>25 janvier 2010 \u2013 25 janvier 2022 : Les \u00c9ditions du Puits de Roulle ont 12 ans !<\/strong><\/em><\/p>\r\n\r\n\r\n\r\n<p style=\"text-align: justify;\">12 ans d\u2019<em>\u00c9ditions du Puits de Roulle<\/em>, c\u2019est 38 livres \u00e0 compte d\u2019\u00e9diteur, une illustratrice, une traductrice, 17 auteurs, dont Tarik Yildiz et Roger Lahana qui ont ensuite publi\u00e9 dans de grandes maisons d\u2019\u00e9ditions parisiennes et Blandine P. Martin qui vit aujourd\u2019hui de sa plume ; c\u2019est <em>Comme une pierre dans un labyrinthe<\/em>, de Damien Luszka, r\u00e9cit figurant parmi les finalistes du Prix Hors Concours de l\u2019\u00e9dition ind\u00e9pendante 2018 ; ce sont\u00a0<em>Les voyageurs au sang d\u2019or<\/em>, roman de Kathy Dauthuille, mis en sc\u00e8ne au th\u00e9\u00e2tre\u00a0; ce sont des centaines d\u2019articles de presse, des plateaux t\u00e9l\u00e9, des radios, des salons\u2026<\/p>\r\n\r\n\r\n\r\n<p style=\"text-align: justify;\">12 ans d\u2019<em>Antipode \u2013 \u00c9ditions du Puits de Roulle<\/em> (devenu <em>La Brodeuse de Mots<\/em> en janvier 2018, structure d\u2019aide aux auteurs ind\u00e9pendants auto\u00e9dit\u00e9s), c\u2019est : 65 titres, 39 auteurs, particuliers ou associations, po\u00e8tes, romanciers, essayistes, auteurs de livres pour enfants, illustrateurs, gardiens du patrimoine litt\u00e9raire ou musical qui nous ont fait confiance pour r\u00e9aliser leurs projets aussi diff\u00e9rents soient-ils.<\/p>\r\n\r\n\r\n\r\n<p style=\"text-align: justify;\">12 ans, ce sont des milliers de lecteurs qui ont pu acqu\u00e9rir nos publications aupr\u00e8s de l\u2019un de nos 620 points de vente.<\/p>\r\n\r\n\r\n\r\n<p style=\"text-align: justify;\">12 ans, ce sont surtout de belles histoires et de magnifiques rencontres pleines d\u2019humanit\u00e9.<\/p>\r\n\r\n\r\n\r\n<p style=\"text-align: justify;\">Auteurs, acteurs de la culture, imprimeurs, libraires, lecteurs, m\u00e9dias\u00a0:\u00a0<strong>12 000 mercis \u00e0 toutes et \u00e0 tous<\/strong>, du fond du c\u0153ur, pour votre confiance au fil de ces ann\u00e9es pass\u00e9es \u00e0 vos c\u00f4t\u00e9s.<\/p>\r\n\r\n\r\n\r\n<p style=\"text-align: justify;\">Au plaisir de accompagner encore ce fabuleux univers du livre,<\/p>\r\n\r\n\r\n\r\n<p style=\"text-align: justify;\">Amiti\u00e9s,<\/p>\r\n\r\n\r\n\r\n<p style=\"text-align: justify;\">St\u00e9phanie Lahana<\/p>\r\n","protected":false},"excerpt":{"rendered":"<p>&nbsp; Bienvenue sur le site de La Brodeuse de Mots &#8211; Les \u00c9ditions du Puits de Roulle. Nous proc\u00e9dons actuellement au d\u00e9m\u00e9nagement de la totalit\u00e9 du contenu de notre ancien site internet vers celui-ci. 12 ans d&#8217;existence, autant d&#8217;actualit\u00e9, plus d&#8217;une centaine de livres publi\u00e9s, des t\u00e9moignages d&#8217;auteurs, des r\u00e9actions de lecteurs&#8230; tout cela fait &hellip; <\/p>\n","protected":false},"author":1,"featured_media":0,"parent":0,"menu_order":0,"comment_status":"closed","ping_status":"open","template":"","meta":[],"_links":{"self":[{"href":"https:\/\/labrodeusedemots.com\/index.php\/wp-json\/wp\/v2\/pages\/2"}],"collection":[{"href":"https:\/\/labrodeusedemots.com\/index.php\/wp-json\/wp\/v2\/pages"}],"about":[{"href":"https:\/\/labrodeusedemots.com\/index.php\/wp-json\/wp\/v2\/types\/page"}],"author":[{"embeddable":true,"href":"https:\/\/labrodeusedemots.com\/index.php\/wp-json\/wp\/v2\/users\/1"}],"replies":[{"embeddable":true,"href":"https:\/\/labrodeusedemots.com\/index.php\/wp-json\/wp\/v2\/comments?post=2"}],"version-history":[{"count":14,"href":"https:\/\/labrodeusedemots.com\/index.php\/wp-json\/wp\/v2\/pages\/2\/revisions"}],"predecessor-version":[{"id":790,"href":"https:\/\/labrodeusedemots.com\/index.php\/wp-json\/wp\/v2\/pages\/2\/revisions\/790"}],"wp:attachment":[{"href":"https:\/\/labrodeusedemots.com\/index.php\/wp-json\/wp\/v2\/media?parent=2"}],"curies":[{"name":"wp","href":"https:\/\/api.w.org\/{rel}","templated":true}]}}